{"id":983,"date":"2025-05-13T11:44:11","date_gmt":"2025-05-13T11:44:11","guid":{"rendered":"https:\/\/convenienceshop.shop\/?page_id=983"},"modified":"2025-08-14T13:27:32","modified_gmt":"2025-08-14T13:27:32","slug":"comprehensive-home","status":"publish","type":"page","link":"https:\/\/convenienceshop.shop\/es\/","title":{"rendered":"Inicio integral"},"content":{"rendered":"<div data-elementor-type=\"wp-page\" data-elementor-id=\"983\" class=\"elementor elementor-983\" data-elementor-post-type=\"page\">\n\t\t\t\t<div class=\"elementor-element elementor-element-7c1b0cd e-con-full e-flex e-con e-parent\" data-id=\"7c1b0cd\" data-element_type=\"container\" data-settings=\"{&quot;ekit_has_onepagescroll_dot&quot;:&quot;yes&quot;}\">\n\t\t\t\t<div class=\"elementor-element elementor-element-fbf08d2 elementor--h-position-center elementor--v-position-middle elementor-arrows-position-inside elementor-pagination-position-inside elementor-widget elementor-widget-slides\" data-id=\"fbf08d2\" data-element_type=\"widget\" data-settings=\"{&quot;navigation&quot;:&quot;both&quot;,&quot;autoplay&quot;:&quot;yes&quot;,&quot;pause_on_hover&quot;:&quot;yes&quot;,&quot;pause_on_interaction&quot;:&quot;yes&quot;,&quot;autoplay_speed&quot;:5000,&quot;infinite&quot;:&quot;yes&quot;,&quot;transition&quot;:&quot;slide&quot;,&quot;transition_speed&quot;:500,&quot;ekit_we_effect_on&quot;:&quot;none&quot;}\" data-widget_type=\"slides.default\">\n\t\t\t\t<div class=\"elementor-widget-container\">\n\t\t\t\t\t\t\t\t\t<div class=\"elementor-swiper\">\n\t\t\t\t\t<div class=\"elementor-slides-wrapper elementor-main-swiper swiper\" role=\"region\" aria-roledescription=\"carousel\" aria-label=\"Diapositivas\" dir=\"ltr\" data-animation=\"fadeInUp\">\n\t\t\t\t<div class=\"swiper-wrapper elementor-slides\">\n\t\t\t\t\t\t\t\t\t\t<div class=\"elementor-repeater-item-edb134d swiper-slide\" role=\"group\" aria-roledescription=\"slide\"><div class=\"swiper-slide-bg\" role=\"img\"><\/div><a class=\"swiper-slide-inner\" href=\"https:\/\/convenienceshop.shop\/es\/shop-10\/\"><div class=\"swiper-slide-contents\"><div class=\"elementor-slide-heading\">Su ventanilla \u00fanica <br\/>Entrega en tienda<\/div><div class=\"elementor-slide-description\">Explora la electr\u00f3nica,<br\/>art\u00edculos para el hogar y mucho m\u00e1s.<\/div><div  class=\"elementor-button elementor-slide-button elementor-size-sm\">Comprar ahora<\/div><\/div><\/a><\/div>\t\t\t\t<\/div>\n\t\t\t\t\t\t\t<\/div>\n\t\t\t\t<\/div>\n\t\t\t\t\t\t\t\t<\/div>\n\t\t\t\t<\/div>\n\t\t\t\t<\/div>\n\t\t<div class=\"elementor-element elementor-element-1f56340 e-flex e-con-boxed e-con e-parent\" data-id=\"1f56340\" data-element_type=\"container\" data-settings=\"{&quot;ekit_has_onepagescroll_dot&quot;:&quot;yes&quot;}\">\n\t\t\t\t\t<div class=\"e-con-inner\">\n\t\t\t\t<div class=\"elementor-element elementor-element-ac15b05 elementor-widget elementor-widget-html\" data-id=\"ac15b05\" data-element_type=\"widget\" data-settings=\"{&quot;ekit_we_effect_on&quot;:&quot;none&quot;}\" data-widget_type=\"html.default\">\n\t\t\t\t<div class=\"elementor-widget-container\">\n\t\t\t\t\t<div class=\"custom-features-wrapper\">\r\n  <div class=\"custom-features\">\r\n    <!-- Free Shipping -->\r\n    <div class=\"feature-box\">\r\n      <div class=\"icon\">\ud83d\ude9a<\/div>\r\n      <h4>Env\u00edo gratuito<\/h4>\r\n      <p>Disfrute de env\u00edo r\u00e1pido y gratuito en todos los pedidos.<\/p>\r\n    <\/div>\r\n\r\n    <!-- Secure Checkout -->\r\n    <div class=\"feature-box\">\r\n      <div class=\"icon\">\ud83d\udee1\ufe0f<\/div>\r\n      <h4>Pago seguro<\/h4>\r\n      <p>Su pago est\u00e1 encriptado y protegido.<\/p>\r\n    <\/div>\r\n\r\n    <!-- 24\/7 Support -->\r\n    <div class=\"feature-box\">\r\n      <div class=\"icon\">\ud83d\udcac<\/div>\r\n      <h4>Asistencia 24\/7<\/h4>\r\n      <p>Estamos aqu\u00ed siempre que necesite gb.<\/p>\r\n    <\/div>\r\n\r\n    <!-- Fast Processing -->\r\n    <div class=\"feature-box\">\r\n      <div class=\"icon\">\ud83d\udd52<\/div>\r\n      <h4>Procesamiento r\u00e1pido<\/h4>\r\n      <p>Los pedidos se embalan y env\u00edan el mismo d\u00eda.<\/p>\r\n    <\/div>\r\n  <\/div>\r\n<\/div>\r\n\r\n<style>\r\n  .custom-features-wrapper {\r\n    background: #EFF0F5;\r\n    padding: 40px 0;\r\n  }\r\n\r\n  .custom-features {\r\n    display: flex;\r\n    flex-wrap: wrap;\r\n    justify-content: center;\r\n    gap: 20px;\r\n    max-width: 960px;\r\n    margin: 0 auto;\r\n  }\r\n\r\n  .feature-box {\r\n    flex: 1 1 180px;\r\n    text-align: center;\r\n    padding: 20px;\r\n  }\r\n\r\n  .feature-box .icon {\r\n    font-size: 36px;\r\n    margin-bottom: 10px;\r\n  }\r\n\r\n  .feature-box h4 {\r\n    margin: 10px 0 5px;\r\n  }\r\n\r\n  .feature-box p {\r\n    font-size: 13px;\r\n    color: #888;\r\n    margin: 0;\r\n  }\r\n<\/style>\t\t\t\t<\/div>\n\t\t\t\t<\/div>\n\t\t\t\t\t<\/div>\n\t\t\t\t<\/div>\n\t\t<div class=\"elementor-element elementor-element-56efd38 e-flex e-con-boxed e-con e-parent\" data-id=\"56efd38\" data-element_type=\"container\" data-settings=\"{&quot;ekit_has_onepagescroll_dot&quot;:&quot;yes&quot;}\">\n\t\t\t\t\t<div class=\"e-con-inner\">\n\t\t\t\t<div class=\"elementor-element elementor-element-c8a7e9c elementor-widget elementor-widget-shortcode\" data-id=\"c8a7e9c\" data-element_type=\"widget\" data-settings=\"{&quot;ekit_we_effect_on&quot;:&quot;none&quot;}\" data-widget_type=\"shortcode.default\">\n\t\t\t\t<div class=\"elementor-widget-container\">\n\t\t\t\t\t\t\t<div class=\"elementor-shortcode\"><div class=\"woocommerce columns-3\"><span class=\"wpfHidden\" data-shortcode-attribute=\"{&quot;limit&quot;:&quot;15&quot;,&quot;columns&quot;:&quot;3&quot;,&quot;rows&quot;:&quot;&quot;,&quot;orderby&quot;:&quot;&quot;,&quot;order&quot;:&quot;&quot;,&quot;ids&quot;:&quot;&quot;,&quot;skus&quot;:&quot;&quot;,&quot;category&quot;:&quot;Home &amp; Living&quot;,&quot;cat_operator&quot;:&quot;IN&quot;,&quot;attribute&quot;:&quot;&quot;,&quot;terms&quot;:&quot;&quot;,&quot;terms_operator&quot;:&quot;IN&quot;,&quot;tag&quot;:&quot;&quot;,&quot;tag_operator&quot;:&quot;IN&quot;,&quot;visibility&quot;:&quot;visible&quot;,&quot;class&quot;:&quot;&quot;,&quot;page&quot;:1,&quot;paginate&quot;:false,&quot;cache&quot;:false}\"><\/span><ul class=\"products columns-3\">\n<li class=\"wvs-archive-product-wrapper product type-product post-2261 status-publish first instock product_cat-home-living has-post-thumbnail shipping-taxable purchasable product-type-variable has-default-attributes\">\n\t<a href=\"https:\/\/convenienceshop.shop\/es\/producto\/02-perfume-100-ml-3-4-onzas-lquidas-vainilla-gastronmica-caramelo-de-vainilla-aroma-irresistibleperfume-602-perfume-100-ml-3-4-onzas-lquidas-vainilla-gastronmica-caramelo-de-vainilla-a\/\" class=\"woocommerce-LoopProduct-link woocommerce-loop-product__link\"><img fetchpriority=\"high\" decoding=\"async\" width=\"300\" height=\"300\" src=\"https:\/\/convenienceshop.shop\/wp-content\/uploads\/2025\/09\/17e6852027d84c158754d1c04b9f1b80tplv-t5fjg24jzw-resize-webp_800_800-300x300.webp\" class=\"attachment-woocommerce_thumbnail size-woocommerce_thumbnail wvs-archive-product-image\" alt=\"02 perfume 100 ml (3.4 onzas l??quidas) vainilla gastron??mica (caramelo de vainilla) Aroma irresistiblePerfume 602 perfume 100 ml (3.4 onzas l??quidas) vainilla gastron??mica (caramelo de vainilla) Aroma irresistible\" srcset=\"https:\/\/convenienceshop.shop\/wp-content\/uploads\/2025\/09\/17e6852027d84c158754d1c04b9f1b80tplv-t5fjg24jzw-resize-webp_800_800-300x300.webp 300w, https:\/\/convenienceshop.shop\/wp-content\/uploads\/2025\/09\/17e6852027d84c158754d1c04b9f1b80tplv-t5fjg24jzw-resize-webp_800_800-150x150.webp 150w, https:\/\/convenienceshop.shop\/wp-content\/uploads\/2025\/09\/17e6852027d84c158754d1c04b9f1b80tplv-t5fjg24jzw-resize-webp_800_800-12x12.webp 12w, https:\/\/convenienceshop.shop\/wp-content\/uploads\/2025\/09\/17e6852027d84c158754d1c04b9f1b80tplv-t5fjg24jzw-resize-webp_800_800-110x110.webp 110w, https:\/\/convenienceshop.shop\/wp-content\/uploads\/2025\/09\/17e6852027d84c158754d1c04b9f1b80tplv-t5fjg24jzw-resize-webp_800_800-60x60.webp 60w, https:\/\/convenienceshop.shop\/wp-content\/uploads\/2025\/09\/17e6852027d84c158754d1c04b9f1b80tplv-t5fjg24jzw-resize-webp_800_800-600x600.webp 600w, https:\/\/convenienceshop.shop\/wp-content\/uploads\/2025\/09\/17e6852027d84c158754d1c04b9f1b80tplv-t5fjg24jzw-resize-webp_800_800-100x100.webp 100w, https:\/\/convenienceshop.shop\/wp-content\/uploads\/2025\/09\/17e6852027d84c158754d1c04b9f1b80tplv-t5fjg24jzw-resize-webp_800_800-50x50.webp 50w, https:\/\/convenienceshop.shop\/wp-content\/uploads\/2025\/09\/17e6852027d84c158754d1c04b9f1b80tplv-t5fjg24jzw-resize-webp_800_800.webp 720w\" sizes=\"(max-width: 300px) 100vw, 300px\" \/><h2 class=\"woocommerce-loop-product__title\">02 perfume 100 ml (3,4 onzas l??quidas) vainilla gastron??mica (caramelo de vainilla) Aroma irresistiblePerfume 602 perfume 100 ml (3,4 onzas l??quidas) vainilla gastron??mica (caramelo de vainilla) Aroma irresistible<\/h2><div class=\"star-rating\" role=\"img\" aria-label=\"Valorado con 4.87 de 5\" data-no-translation-aria-label=\"\"><span style=\"width:97.4%\" data-no-translation=\"\" data-trp-gettext=\"\">Valorado con <strong class=\"rating\">4.87<\/strong> de 5<\/span><\/div>\n\t<span class=\"price\" data-no-translation=\"\" data-trp-gettext=\"\"><span class=\"woocommerce-Price-amount amount\"><bdi><span class=\"woocommerce-Price-currencySymbol\">&euro;<\/span>&nbsp;4.99<\/bdi><\/span> - <span class=\"woocommerce-Price-amount amount\"><bdi><span class=\"woocommerce-Price-currencySymbol\">&euro;<\/span>&nbsp;8.99<\/bdi><\/span><\/span>\n<\/a><a href=\"https:\/\/convenienceshop.shop\/es\/producto\/02-perfume-100-ml-3-4-onzas-lquidas-vainilla-gastronmica-caramelo-de-vainilla-aroma-irresistibleperfume-602-perfume-100-ml-3-4-onzas-lquidas-vainilla-gastronmica-caramelo-de-vainilla-a\/\" aria-describedby=\"woocommerce_loop_add_to_cart_link_describedby_2261\" data-quantity=\"1\" class=\"button product_type_variable add_to_cart_button wvs-add-to-cart-button wvs_ajax_add_to_cart\" data-product_id=\"2261\" data-product_sku=\"\" aria-label=\"Elige las opciones para \u201c02 perfume 100 ml (3.4 onzas l??quidas) vainilla gastron??mica (caramelo de vainilla) Aroma irresistiblePerfume 602 perfume 100 ml (3.4 onzas l??quidas) vainilla gastron??mica (caramelo de vainilla) Aroma irresistible\u201d\" rel=\"nofollow\" data-no-translation=\"\" data-trp-gettext=\"\" data-no-translation-aria-label=\"\">Seleccionar opciones<\/a>\t<span id=\"woocommerce_loop_add_to_cart_link_describedby_2261\" class=\"screen-reader-text\">\n\t\tEste producto tiene m\u00faltiples variantes. Las opciones se pueden elegir en la p\u00e1gina de producto\t<\/span>\n<a href=\"https:\/\/convenienceshop.shop\/es\/checkout\/?buy-now=2261\" data-quantity=\"1\" class=\"wpcbn-btn wpcbn-btn-archive button product_type_simple add_to_cart_button\" data-product_id=\"2261\" rel=\"nofollow\">Buy now<\/a>\n\t<div class=\"wvs-archive-variations-wrapper\" data-threshold_min=\"0\" data-threshold_max=\"100\" data-total_children=\"2\"  data-total_attribute=\"1\" data-product_id=\"2261\" data-product_variations=\"false\">\n\n\t\t\n\t\t\t\t\t<ul class=\"variations\">\n\t\t\t\t\n\t\t\t\t\t\n\n\t\t\t\t\t\t<li class=\"woo-variation-items-wrapper\">\n\t\t\t\t\t\t<select style=\"display:none\" id=\"especificaciones-2261\" class=\"woo-variation-raw-select\" name=\"attribute_especificaciones\" data-attribute_name=\"attribute_especificaciones\" data-show_option_none=\"yes\"><option value=\"\" data-no-translation=\"\" data-trp-gettext=\"\">Elige una opci\u00f3n<\/option><option value=\"602 Perfume(1 frasco)\"  selected='selected'>602 Perfume(1 frasco)<\/option><option value=\"602 Perfume(2 frasco)\" >602 Perfume(2 frasco)<\/option><\/select><ul role=\"radiogroup\" aria-label=\"Especificaciones\" class=\"archive-variable-items wvs-style-squared variable-items-wrapper mixed-variable-items-wrapper\" data-attribute_name=\"attribute_especificaciones\" data-attribute_values=\"[&quot;602 Perfume(1 frasco)&quot;,&quot;602 Perfume(2 frasco)&quot;]\"><li aria-checked=\"true\" tabindex=\"0\" data-attribute_name=\"attribute_especificaciones\" data-wvstooltip=\"602 Perfume(1 frasco)\" class=\"variable-item image-variable-item image-variable-item-602-perfume1-frasco selected\" title=\"602 Perfume(1 frasco)\" data-title=\"602 Perfume(1 frasco)\" data-value=\"602 Perfume(1 frasco)\" role=\"radio\"><div class=\"variable-item-contents\"><img decoding=\"async\" class=\"variable-item-image\"  aria-hidden=\"true\" alt=\"602 Perfume(1 frasco)\" src=\"https:\/\/convenienceshop.shop\/wp-content\/uploads\/2025\/09\/2a2a812541754839b8434e24d67bcfc5tplv-t5fjg24jzw-resize-webp_800_800-1-50x50.webp\" width=\"50\" height=\"50\" \/><\/div><\/li><li aria-checked=\"false\" tabindex=\"0\" data-attribute_name=\"attribute_especificaciones\" data-wvstooltip=\"602 Perfume(2 frasco)\" class=\"variable-item image-variable-item image-variable-item-602-perfume2-frasco\" title=\"602 Perfume(2 frasco)\" data-title=\"602 Perfume(2 frasco)\" data-value=\"602 Perfume(2 frasco)\" role=\"radio\"><div class=\"variable-item-contents\"><img decoding=\"async\" class=\"variable-item-image\"  aria-hidden=\"true\" alt=\"602 Perfume(2 frasco)\" src=\"https:\/\/convenienceshop.shop\/wp-content\/uploads\/2025\/09\/013f841a3c884252b4d4d31feeb999bdtplv-t5fjg24jzw-resize-webp_800_800-1-50x50.webp\" width=\"50\" height=\"50\" \/><\/div><\/li><\/ul>\t\t\t\t\t\t<\/li>\n\t\t\t\t\t\n\t\t\t\t\t\t\t\t\t<li class=\"wvs_archive_reset_variations\">\n\t\t\t\t\t\t<a class=\"wvs_archive_reset_variations_link\" href=\"#\">Clear<\/a>\n\t\t\t\t\t<\/li>\n\t\t\t\t\n\t\t\t\t\t\t\t<\/ul>\n\n\t\t\t<div class=\"wvs-archive-information\"><\/div>\n\n\t\t\n\t\t\t<\/div>\n\n<\/li>\n<li class=\"product type-product post-2297 status-publish instock product_cat-home-living has-post-thumbnail shipping-taxable purchasable product-type-simple\">\n\t<a href=\"https:\/\/convenienceshop.shop\/es\/producto\/azan-muslim-night-light-quran-holy-portable-wireless-caixa-de-som-bluetooth-speaker-music-sound-box-blutooth-for-mini-baffle-bright-lamp-koran-home-gift\/\" class=\"woocommerce-LoopProduct-link woocommerce-loop-product__link\"><img loading=\"lazy\" decoding=\"async\" width=\"300\" height=\"300\" src=\"https:\/\/convenienceshop.shop\/wp-content\/uploads\/2025\/11\/19021e06fe3a4085b17f44836589d739tplv-o3syd03w52-resize-webp_800_800-300x300.webp\" class=\"attachment-woocommerce_thumbnail size-woocommerce_thumbnail wvs-archive-product-image\" alt=\"Azan Muslim Night Light Quran Holy Portable Wireless Caixa De Som Bluetooth Speaker Music Sound Box Blutooth For Mini Baffle Bright Lamp Koran Home Gift\" srcset=\"https:\/\/convenienceshop.shop\/wp-content\/uploads\/2025\/11\/19021e06fe3a4085b17f44836589d739tplv-o3syd03w52-resize-webp_800_800-300x300.webp 300w, https:\/\/convenienceshop.shop\/wp-content\/uploads\/2025\/11\/19021e06fe3a4085b17f44836589d739tplv-o3syd03w52-resize-webp_800_800-150x150.webp 150w, https:\/\/convenienceshop.shop\/wp-content\/uploads\/2025\/11\/19021e06fe3a4085b17f44836589d739tplv-o3syd03w52-resize-webp_800_800-768x768.webp 768w, https:\/\/convenienceshop.shop\/wp-content\/uploads\/2025\/11\/19021e06fe3a4085b17f44836589d739tplv-o3syd03w52-resize-webp_800_800-12x12.webp 12w, https:\/\/convenienceshop.shop\/wp-content\/uploads\/2025\/11\/19021e06fe3a4085b17f44836589d739tplv-o3syd03w52-resize-webp_800_800-110x110.webp 110w, https:\/\/convenienceshop.shop\/wp-content\/uploads\/2025\/11\/19021e06fe3a4085b17f44836589d739tplv-o3syd03w52-resize-webp_800_800-60x60.webp 60w, https:\/\/convenienceshop.shop\/wp-content\/uploads\/2025\/11\/19021e06fe3a4085b17f44836589d739tplv-o3syd03w52-resize-webp_800_800-600x600.webp 600w, https:\/\/convenienceshop.shop\/wp-content\/uploads\/2025\/11\/19021e06fe3a4085b17f44836589d739tplv-o3syd03w52-resize-webp_800_800-100x100.webp 100w, https:\/\/convenienceshop.shop\/wp-content\/uploads\/2025\/11\/19021e06fe3a4085b17f44836589d739tplv-o3syd03w52-resize-webp_800_800-50x50.webp 50w, https:\/\/convenienceshop.shop\/wp-content\/uploads\/2025\/11\/19021e06fe3a4085b17f44836589d739tplv-o3syd03w52-resize-webp_800_800.webp 800w\" sizes=\"(max-width: 300px) 100vw, 300px\" \/><h2 class=\"woocommerce-loop-product__title\">Azan Musulm\u00e1n Luz de Noche Cor\u00e1n Sagrado Port\u00e1til Inal\u00e1mbrico Caixa De Som Altavoz Bluetooth M\u00fasica Caja De Sonido Blutooth Para Mini Baffle L\u00e1mpara Brillante Cor\u00e1n Casa Regalo<\/h2><div class=\"star-rating\" role=\"img\" aria-label=\"Valorado con 4.87 de 5\" data-no-translation-aria-label=\"\"><span style=\"width:97.4%\" data-no-translation=\"\" data-trp-gettext=\"\">Valorado con <strong class=\"rating\">4.87<\/strong> de 5<\/span><\/div>\n\t<span class=\"price\"><span class=\"woocommerce-Price-amount amount\"><bdi><span class=\"woocommerce-Price-currencySymbol\">\u20ac<\/span>&nbsp;5.99<\/bdi><\/span><\/span>\n<\/a><a href=\"?add-to-cart=2297\" aria-describedby=\"woocommerce_loop_add_to_cart_link_describedby_2297\" data-quantity=\"1\" class=\"button product_type_simple add_to_cart_button ajax_add_to_cart\" data-product_id=\"2297\" data-product_sku=\"\" aria-label=\"A\u00f1adir al carrito: \u201cAzan Muslim Night Light Quran Holy Portable Wireless Caixa De Som Bluetooth Speaker Music Sound Box Blutooth For Mini Baffle Bright Lamp Koran Home Gift\u201d\" rel=\"nofollow\" data-success_message=\"\u00abAzan Muslim Night Light Quran Holy Portable Wireless Caixa De Som Bluetooth Speaker Music Sound Box Blutooth For Mini Baffle Bright Lamp Koran Home Gift\u00bb se ha a\u00f1adido a tu carrito\" data-no-translation=\"\" data-trp-gettext=\"\" data-no-translation-aria-label=\"\" data-no-translation-data-success_message=\"\">A\u00f1adir al carrito<\/a>\t<span id=\"woocommerce_loop_add_to_cart_link_describedby_2297\" class=\"screen-reader-text\">\n\t\t\t<\/span>\n<a href=\"https:\/\/convenienceshop.shop\/es\/checkout\/?buy-now=2297\" data-quantity=\"1\" class=\"wpcbn-btn wpcbn-btn-archive button product_type_simple add_to_cart_button\" data-product_id=\"2297\" rel=\"nofollow\">Buy now<\/a><\/li>\n<li class=\"product type-product post-2276 status-publish last instock product_cat-home-living product_cat-61 has-post-thumbnail shipping-taxable purchasable product-type-simple\">\n\t<a href=\"https:\/\/convenienceshop.shop\/es\/producto\/chorizo-iberica-de-bellota-mencas-2-unidades-de-650-grs-envasada-al-vacio-sin-gluten\/\" class=\"woocommerce-LoopProduct-link woocommerce-loop-product__link\"><img loading=\"lazy\" decoding=\"async\" width=\"300\" height=\"300\" src=\"https:\/\/convenienceshop.shop\/wp-content\/uploads\/2025\/09\/f25e0a39-9435-4c0a-b84f-3bfc32c829f9-300x300.png\" class=\"attachment-woocommerce_thumbnail size-woocommerce_thumbnail wvs-archive-product-image\" alt=\"CHORIZO IB\u00c9RICA DE BELLOTA  MENCAS (2 unidades de 650 grs, envasada al vacio ) sin gluten\" srcset=\"https:\/\/convenienceshop.shop\/wp-content\/uploads\/2025\/09\/f25e0a39-9435-4c0a-b84f-3bfc32c829f9-300x300.png 300w, https:\/\/convenienceshop.shop\/wp-content\/uploads\/2025\/09\/f25e0a39-9435-4c0a-b84f-3bfc32c829f9-150x150.png 150w, https:\/\/convenienceshop.shop\/wp-content\/uploads\/2025\/09\/f25e0a39-9435-4c0a-b84f-3bfc32c829f9-100x100.png 100w, https:\/\/convenienceshop.shop\/wp-content\/uploads\/2025\/09\/f25e0a39-9435-4c0a-b84f-3bfc32c829f9-50x50.png 50w\" sizes=\"(max-width: 300px) 100vw, 300px\" \/><h2 class=\"woocommerce-loop-product__title\">CHORIZO IB\u00c9RICA DE BELLOTA MENCAS (2 unidades de 650 grs, envasada al vacio ) sin gluten<\/h2><div class=\"star-rating\" role=\"img\" aria-label=\"Valorado con 4.87 de 5\" data-no-translation-aria-label=\"\"><span style=\"width:97.4%\" data-no-translation=\"\" data-trp-gettext=\"\">Valorado con <strong class=\"rating\">4.87<\/strong> de 5<\/span><\/div>\n\t<span class=\"price\"><span class=\"woocommerce-Price-amount amount\"><bdi><span class=\"woocommerce-Price-currencySymbol\">\u20ac<\/span>&nbsp;4.99<\/bdi><\/span><\/span>\n<\/a><a href=\"?add-to-cart=2276\" aria-describedby=\"woocommerce_loop_add_to_cart_link_describedby_2276\" data-quantity=\"1\" class=\"button product_type_simple add_to_cart_button ajax_add_to_cart\" data-product_id=\"2276\" data-product_sku=\"\" aria-label=\"A\u00f1adir al carrito: \u201cCHORIZO IB\u00c9RICA DE BELLOTA  MENCAS (2 unidades de 650 grs, envasada al vacio ) sin gluten\u201d\" rel=\"nofollow\" data-success_message=\"\u00abCHORIZO IB\u00c9RICA DE BELLOTA  MENCAS (2 unidades de 650 grs, envasada al vacio ) sin gluten\u00bb se ha a\u00f1adido a tu carrito\" data-no-translation=\"\" data-trp-gettext=\"\" data-no-translation-aria-label=\"\" data-no-translation-data-success_message=\"\">A\u00f1adir al carrito<\/a>\t<span id=\"woocommerce_loop_add_to_cart_link_describedby_2276\" class=\"screen-reader-text\">\n\t\t\t<\/span>\n<a href=\"https:\/\/convenienceshop.shop\/es\/checkout\/?buy-now=2276\" data-quantity=\"1\" class=\"wpcbn-btn wpcbn-btn-archive button product_type_simple add_to_cart_button\" data-product_id=\"2276\" rel=\"nofollow\">Buy now<\/a><\/li>\n<li class=\"product type-product post-2293 status-publish first instock product_cat-home-living has-post-thumbnail shipping-taxable purchasable product-type-simple\">\n\t<a href=\"https:\/\/convenienceshop.shop\/es\/producto\/flor-de-esgueva-queso-viejo-de-oveja-mini-madurado-en-corteza-natural-1-kg-elaborado-con-leche-cruda\/\" class=\"woocommerce-LoopProduct-link woocommerce-loop-product__link\"><img loading=\"lazy\" decoding=\"async\" width=\"300\" height=\"300\" src=\"https:\/\/convenienceshop.shop\/wp-content\/uploads\/2025\/10\/330c765b-39e2-4762-8765-9d70c4746a17-300x300.png\" class=\"attachment-woocommerce_thumbnail size-woocommerce_thumbnail wvs-archive-product-image\" alt=\"FLOR DE ESGUEVA Queso viejo de oveja, mini madurado en corteza natural , 1 kg elaborado con leche cruda\" srcset=\"https:\/\/convenienceshop.shop\/wp-content\/uploads\/2025\/10\/330c765b-39e2-4762-8765-9d70c4746a17-300x300.png 300w, https:\/\/convenienceshop.shop\/wp-content\/uploads\/2025\/10\/330c765b-39e2-4762-8765-9d70c4746a17-150x150.png 150w, https:\/\/convenienceshop.shop\/wp-content\/uploads\/2025\/10\/330c765b-39e2-4762-8765-9d70c4746a17-768x768.png 768w, https:\/\/convenienceshop.shop\/wp-content\/uploads\/2025\/10\/330c765b-39e2-4762-8765-9d70c4746a17-12x12.png 12w, https:\/\/convenienceshop.shop\/wp-content\/uploads\/2025\/10\/330c765b-39e2-4762-8765-9d70c4746a17-110x110.png 110w, https:\/\/convenienceshop.shop\/wp-content\/uploads\/2025\/10\/330c765b-39e2-4762-8765-9d70c4746a17-60x60.png 60w, https:\/\/convenienceshop.shop\/wp-content\/uploads\/2025\/10\/330c765b-39e2-4762-8765-9d70c4746a17-600x600.png 600w, https:\/\/convenienceshop.shop\/wp-content\/uploads\/2025\/10\/330c765b-39e2-4762-8765-9d70c4746a17-100x100.png 100w, https:\/\/convenienceshop.shop\/wp-content\/uploads\/2025\/10\/330c765b-39e2-4762-8765-9d70c4746a17-50x50.png 50w, https:\/\/convenienceshop.shop\/wp-content\/uploads\/2025\/10\/330c765b-39e2-4762-8765-9d70c4746a17.png 800w\" sizes=\"(max-width: 300px) 100vw, 300px\" \/><h2 class=\"woocommerce-loop-product__title\">FLOR DE ESGUEVA Queso viejo de oveja, mini madurado en corteza natural , 1 kg elaborado con leche cruda<\/h2><div class=\"star-rating\" role=\"img\" aria-label=\"Valorado con 4.87 de 5\" data-no-translation-aria-label=\"\"><span style=\"width:97.4%\" data-no-translation=\"\" data-trp-gettext=\"\">Valorado con <strong class=\"rating\">4.87<\/strong> de 5<\/span><\/div>\n\t<span class=\"price\"><span class=\"woocommerce-Price-amount amount\"><bdi><span class=\"woocommerce-Price-currencySymbol\">\u20ac<\/span>&nbsp;4.99<\/bdi><\/span><\/span>\n<\/a><a href=\"?add-to-cart=2293\" aria-describedby=\"woocommerce_loop_add_to_cart_link_describedby_2293\" data-quantity=\"1\" class=\"button product_type_simple add_to_cart_button ajax_add_to_cart\" data-product_id=\"2293\" data-product_sku=\"\" aria-label=\"A\u00f1adir al carrito: \u201cFLOR DE ESGUEVA Queso viejo de oveja, mini madurado en corteza natural , 1 kg elaborado con leche cruda\u201d\" rel=\"nofollow\" data-success_message=\"\u00abFLOR DE ESGUEVA Queso viejo de oveja, mini madurado en corteza natural , 1 kg elaborado con leche cruda\u00bb se ha a\u00f1adido a tu carrito\" data-no-translation=\"\" data-trp-gettext=\"\" data-no-translation-aria-label=\"\" data-no-translation-data-success_message=\"\">A\u00f1adir al carrito<\/a>\t<span id=\"woocommerce_loop_add_to_cart_link_describedby_2293\" class=\"screen-reader-text\">\n\t\t\t<\/span>\n<a href=\"https:\/\/convenienceshop.shop\/es\/checkout\/?buy-now=2293\" data-quantity=\"1\" class=\"wpcbn-btn wpcbn-btn-archive button product_type_simple add_to_cart_button\" data-product_id=\"2293\" rel=\"nofollow\">Buy now<\/a><\/li>\n<\/ul>\n<\/div><\/div>\n\t\t\t\t\t\t<\/div>\n\t\t\t\t<\/div>\n\t\t\t\t\t<\/div>\n\t\t\t\t<\/div>\n\t\t\t\t<\/div>","protected":false},"excerpt":{"rendered":"<p>Your One-Stop Shop DeliveredExplore electronics,home goods, and more.Shop Now \ud83d\ude9a Env\u00edo gratuito Disfrute de env\u00edo r\u00e1pido y gratuito en todos los pedidos. \ud83d\udee1\ufe0f Pago Seguro Tu pago est\u00e1 encriptado y protegido. \ud83d\udcac Soporte 24\/7 Estamos aqu\u00ed siempre que necesites gb. \ud83d\udd52 Procesamiento R\u00e1pido Los pedidos se empaquetan y env\u00edan el mismo d\u00eda.<\/p>","protected":false},"author":1,"featured_media":0,"parent":0,"menu_order":0,"comment_status":"closed","ping_status":"closed","template":"","meta":{"_acf_changed":false,"footnotes":""},"class_list":["post-983","page","type-page","status-publish","hentry"],"acf":[],"_hostinger_reach_plugin_has_subscription_block":false,"_hostinger_reach_plugin_is_elementor":false,"_links":{"self":[{"href":"https:\/\/convenienceshop.shop\/es\/wp-json\/wp\/v2\/pages\/983","targetHints":{"allow":["GET"]}}],"collection":[{"href":"https:\/\/convenienceshop.shop\/es\/wp-json\/wp\/v2\/pages"}],"about":[{"href":"https:\/\/convenienceshop.shop\/es\/wp-json\/wp\/v2\/types\/page"}],"author":[{"embeddable":true,"href":"https:\/\/convenienceshop.shop\/es\/wp-json\/wp\/v2\/users\/1"}],"replies":[{"embeddable":true,"href":"https:\/\/convenienceshop.shop\/es\/wp-json\/wp\/v2\/comments?post=983"}],"version-history":[{"count":0,"href":"https:\/\/convenienceshop.shop\/es\/wp-json\/wp\/v2\/pages\/983\/revisions"}],"wp:attachment":[{"href":"https:\/\/convenienceshop.shop\/es\/wp-json\/wp\/v2\/media?parent=983"}],"curies":[{"name":"wp","href":"https:\/\/api.w.org\/{rel}","templated":true}]}}