{"id":2261,"date":"2025-09-25T05:48:31","date_gmt":"2025-09-25T05:48:31","guid":{"rendered":"https:\/\/convenienceshop.shop\/?post_type=product&#038;p=2261"},"modified":"2025-09-25T05:52:13","modified_gmt":"2025-09-25T05:52:13","slug":"02-perfume-100-ml-3-4-onzas-lquidas-vainilla-gastronmica-caramelo-de-vainilla-aroma-irresistibleperfume-602-perfume-100-ml-3-4-onzas-lquidas-vainilla-gastronmica-caramelo-de-vainilla-a","status":"publish","type":"product","link":"https:\/\/convenienceshop.shop\/es\/producto\/02-perfume-100-ml-3-4-onzas-lquidas-vainilla-gastronmica-caramelo-de-vainilla-aroma-irresistibleperfume-602-perfume-100-ml-3-4-onzas-lquidas-vainilla-gastronmica-caramelo-de-vainilla-a\/","title":{"rendered":"02 perfume 100 ml (3,4 onzas l??quidas) vainilla gastron??mica (caramelo de vainilla) Aroma irresistiblePerfume 602 perfume 100 ml (3,4 onzas l??quidas) vainilla gastron??mica (caramelo de vainilla) Aroma irresistible"},"content":{"rendered":"<p><img fetchpriority=\"high\" decoding=\"async\" src=\"https:\/\/newbotay.shop\/wp-content\/uploads\/2025\/09\/d199deb4ec10414b9120ede6f59ed50btplv-t5fjg24jzw-resize-webp_800_494.webp\" sizes=\"(max-width: 800px) 100vw, 800px\" srcset=\"https:\/\/newbotay.shop\/wp-content\/uploads\/2025\/09\/d199deb4ec10414b9120ede6f59ed50btplv-t5fjg24jzw-resize-webp_800_494.webp 800w, https:\/\/newbotay.shop\/wp-content\/uploads\/2025\/09\/d199deb4ec10414b9120ede6f59ed50btplv-t5fjg24jzw-resize-webp_800_494-300x185.webp 300w, https:\/\/newbotay.shop\/wp-content\/uploads\/2025\/09\/d199deb4ec10414b9120ede6f59ed50btplv-t5fjg24jzw-resize-webp_800_494-768x474.webp 768w, https:\/\/newbotay.shop\/wp-content\/uploads\/2025\/09\/d199deb4ec10414b9120ede6f59ed50btplv-t5fjg24jzw-resize-webp_800_494-18x12.webp 18w, https:\/\/newbotay.shop\/wp-content\/uploads\/2025\/09\/d199deb4ec10414b9120ede6f59ed50btplv-t5fjg24jzw-resize-webp_800_494-60x37.webp 60w, https:\/\/newbotay.shop\/wp-content\/uploads\/2025\/09\/d199deb4ec10414b9120ede6f59ed50btplv-t5fjg24jzw-resize-webp_800_494-110x68.webp 110w, https:\/\/newbotay.shop\/wp-content\/uploads\/2025\/09\/d199deb4ec10414b9120ede6f59ed50btplv-t5fjg24jzw-resize-webp_800_494-600x371.webp 600w, https:\/\/newbotay.shop\/wp-content\/uploads\/2025\/09\/d199deb4ec10414b9120ede6f59ed50btplv-t5fjg24jzw-resize-webp_800_494-130x80.webp 130w\" alt=\"\" width=\"800\" height=\"494\" \/><br \/>\n<img decoding=\"async\" src=\"https:\/\/newbotay.shop\/wp-content\/uploads\/2025\/09\/b7397a55423347afa0506533105358c7tplv-t5fjg24jzw-resize-webp_800_494.webp\" sizes=\"(max-width: 800px) 100vw, 800px\" srcset=\"https:\/\/newbotay.shop\/wp-content\/uploads\/2025\/09\/b7397a55423347afa0506533105358c7tplv-t5fjg24jzw-resize-webp_800_494.webp 800w, https:\/\/newbotay.shop\/wp-content\/uploads\/2025\/09\/b7397a55423347afa0506533105358c7tplv-t5fjg24jzw-resize-webp_800_494-300x185.webp 300w, https:\/\/newbotay.shop\/wp-content\/uploads\/2025\/09\/b7397a55423347afa0506533105358c7tplv-t5fjg24jzw-resize-webp_800_494-768x474.webp 768w, https:\/\/newbotay.shop\/wp-content\/uploads\/2025\/09\/b7397a55423347afa0506533105358c7tplv-t5fjg24jzw-resize-webp_800_494-18x12.webp 18w, https:\/\/newbotay.shop\/wp-content\/uploads\/2025\/09\/b7397a55423347afa0506533105358c7tplv-t5fjg24jzw-resize-webp_800_494-60x37.webp 60w, https:\/\/newbotay.shop\/wp-content\/uploads\/2025\/09\/b7397a55423347afa0506533105358c7tplv-t5fjg24jzw-resize-webp_800_494-110x68.webp 110w, https:\/\/newbotay.shop\/wp-content\/uploads\/2025\/09\/b7397a55423347afa0506533105358c7tplv-t5fjg24jzw-resize-webp_800_494-600x371.webp 600w, https:\/\/newbotay.shop\/wp-content\/uploads\/2025\/09\/b7397a55423347afa0506533105358c7tplv-t5fjg24jzw-resize-webp_800_494-130x80.webp 130w\" alt=\"\" width=\"800\" height=\"494\" \/><br \/>\n<img decoding=\"async\" src=\"https:\/\/newbotay.shop\/wp-content\/uploads\/2025\/09\/b6208e9bc55649e5b48cbba9b8044bcctplv-t5fjg24jzw-resize-webp_800_494.webp\" sizes=\"(max-width: 800px) 100vw, 800px\" srcset=\"https:\/\/newbotay.shop\/wp-content\/uploads\/2025\/09\/b6208e9bc55649e5b48cbba9b8044bcctplv-t5fjg24jzw-resize-webp_800_494.webp 800w, https:\/\/newbotay.shop\/wp-content\/uploads\/2025\/09\/b6208e9bc55649e5b48cbba9b8044bcctplv-t5fjg24jzw-resize-webp_800_494-300x185.webp 300w, https:\/\/newbotay.shop\/wp-content\/uploads\/2025\/09\/b6208e9bc55649e5b48cbba9b8044bcctplv-t5fjg24jzw-resize-webp_800_494-768x474.webp 768w, https:\/\/newbotay.shop\/wp-content\/uploads\/2025\/09\/b6208e9bc55649e5b48cbba9b8044bcctplv-t5fjg24jzw-resize-webp_800_494-18x12.webp 18w, https:\/\/newbotay.shop\/wp-content\/uploads\/2025\/09\/b6208e9bc55649e5b48cbba9b8044bcctplv-t5fjg24jzw-resize-webp_800_494-60x37.webp 60w, https:\/\/newbotay.shop\/wp-content\/uploads\/2025\/09\/b6208e9bc55649e5b48cbba9b8044bcctplv-t5fjg24jzw-resize-webp_800_494-110x68.webp 110w, https:\/\/newbotay.shop\/wp-content\/uploads\/2025\/09\/b6208e9bc55649e5b48cbba9b8044bcctplv-t5fjg24jzw-resize-webp_800_494-600x371.webp 600w, https:\/\/newbotay.shop\/wp-content\/uploads\/2025\/09\/b6208e9bc55649e5b48cbba9b8044bcctplv-t5fjg24jzw-resize-webp_800_494-130x80.webp 130w\" alt=\"\" width=\"800\" height=\"494\" \/><br \/>\n<img loading=\"lazy\" decoding=\"async\" src=\"https:\/\/newbotay.shop\/wp-content\/uploads\/2025\/09\/3578c104c23643fd86bca5a19bef7885tplv-t5fjg24jzw-resize-webp_800_494.webp\" sizes=\"(max-width: 800px) 100vw, 800px\" srcset=\"https:\/\/newbotay.shop\/wp-content\/uploads\/2025\/09\/3578c104c23643fd86bca5a19bef7885tplv-t5fjg24jzw-resize-webp_800_494.webp 800w, https:\/\/newbotay.shop\/wp-content\/uploads\/2025\/09\/3578c104c23643fd86bca5a19bef7885tplv-t5fjg24jzw-resize-webp_800_494-300x185.webp 300w, https:\/\/newbotay.shop\/wp-content\/uploads\/2025\/09\/3578c104c23643fd86bca5a19bef7885tplv-t5fjg24jzw-resize-webp_800_494-768x474.webp 768w, https:\/\/newbotay.shop\/wp-content\/uploads\/2025\/09\/3578c104c23643fd86bca5a19bef7885tplv-t5fjg24jzw-resize-webp_800_494-18x12.webp 18w, https:\/\/newbotay.shop\/wp-content\/uploads\/2025\/09\/3578c104c23643fd86bca5a19bef7885tplv-t5fjg24jzw-resize-webp_800_494-60x37.webp 60w, https:\/\/newbotay.shop\/wp-content\/uploads\/2025\/09\/3578c104c23643fd86bca5a19bef7885tplv-t5fjg24jzw-resize-webp_800_494-110x68.webp 110w, https:\/\/newbotay.shop\/wp-content\/uploads\/2025\/09\/3578c104c23643fd86bca5a19bef7885tplv-t5fjg24jzw-resize-webp_800_494-600x371.webp 600w, https:\/\/newbotay.shop\/wp-content\/uploads\/2025\/09\/3578c104c23643fd86bca5a19bef7885tplv-t5fjg24jzw-resize-webp_800_494-130x80.webp 130w\" alt=\"\" width=\"800\" height=\"494\" \/><br \/>\n<img loading=\"lazy\" decoding=\"async\" src=\"https:\/\/newbotay.shop\/wp-content\/uploads\/2025\/09\/7e5a6893c7fc4b96a26e14ff10733194tplv-t5fjg24jzw-resize-webp_800_494.webp\" sizes=\"(max-width: 800px) 100vw, 800px\" srcset=\"https:\/\/newbotay.shop\/wp-content\/uploads\/2025\/09\/7e5a6893c7fc4b96a26e14ff10733194tplv-t5fjg24jzw-resize-webp_800_494.webp 800w, https:\/\/newbotay.shop\/wp-content\/uploads\/2025\/09\/7e5a6893c7fc4b96a26e14ff10733194tplv-t5fjg24jzw-resize-webp_800_494-300x185.webp 300w, https:\/\/newbotay.shop\/wp-content\/uploads\/2025\/09\/7e5a6893c7fc4b96a26e14ff10733194tplv-t5fjg24jzw-resize-webp_800_494-768x474.webp 768w, https:\/\/newbotay.shop\/wp-content\/uploads\/2025\/09\/7e5a6893c7fc4b96a26e14ff10733194tplv-t5fjg24jzw-resize-webp_800_494-18x12.webp 18w, https:\/\/newbotay.shop\/wp-content\/uploads\/2025\/09\/7e5a6893c7fc4b96a26e14ff10733194tplv-t5fjg24jzw-resize-webp_800_494-60x37.webp 60w, https:\/\/newbotay.shop\/wp-content\/uploads\/2025\/09\/7e5a6893c7fc4b96a26e14ff10733194tplv-t5fjg24jzw-resize-webp_800_494-110x68.webp 110w, https:\/\/newbotay.shop\/wp-content\/uploads\/2025\/09\/7e5a6893c7fc4b96a26e14ff10733194tplv-t5fjg24jzw-resize-webp_800_494-600x371.webp 600w, https:\/\/newbotay.shop\/wp-content\/uploads\/2025\/09\/7e5a6893c7fc4b96a26e14ff10733194tplv-t5fjg24jzw-resize-webp_800_494-130x80.webp 130w\" alt=\"\" width=\"800\" height=\"494\" \/><br \/>\n<img loading=\"lazy\" decoding=\"async\" src=\"https:\/\/newbotay.shop\/wp-content\/uploads\/2025\/09\/7d0bf3375f8a4bf8b76f69a1721283c4tplv-t5fjg24jzw-resize-webp_800_494.webp\" sizes=\"(max-width: 800px) 100vw, 800px\" srcset=\"https:\/\/newbotay.shop\/wp-content\/uploads\/2025\/09\/7d0bf3375f8a4bf8b76f69a1721283c4tplv-t5fjg24jzw-resize-webp_800_494.webp 800w, https:\/\/newbotay.shop\/wp-content\/uploads\/2025\/09\/7d0bf3375f8a4bf8b76f69a1721283c4tplv-t5fjg24jzw-resize-webp_800_494-300x185.webp 300w, https:\/\/newbotay.shop\/wp-content\/uploads\/2025\/09\/7d0bf3375f8a4bf8b76f69a1721283c4tplv-t5fjg24jzw-resize-webp_800_494-768x474.webp 768w, https:\/\/newbotay.shop\/wp-content\/uploads\/2025\/09\/7d0bf3375f8a4bf8b76f69a1721283c4tplv-t5fjg24jzw-resize-webp_800_494-18x12.webp 18w, https:\/\/newbotay.shop\/wp-content\/uploads\/2025\/09\/7d0bf3375f8a4bf8b76f69a1721283c4tplv-t5fjg24jzw-resize-webp_800_494-60x37.webp 60w, https:\/\/newbotay.shop\/wp-content\/uploads\/2025\/09\/7d0bf3375f8a4bf8b76f69a1721283c4tplv-t5fjg24jzw-resize-webp_800_494-110x68.webp 110w, https:\/\/newbotay.shop\/wp-content\/uploads\/2025\/09\/7d0bf3375f8a4bf8b76f69a1721283c4tplv-t5fjg24jzw-resize-webp_800_494-600x371.webp 600w, https:\/\/newbotay.shop\/wp-content\/uploads\/2025\/09\/7d0bf3375f8a4bf8b76f69a1721283c4tplv-t5fjg24jzw-resize-webp_800_494-130x80.webp 130w\" alt=\"\" width=\"800\" height=\"494\" \/><\/p>\n<ul>\n<li>Sttes Perfume se centra en fragancias tropicales gourmet, fusionando a la perfecci\u00f3n los sabores aut\u00e9nticos de la comida con la vibrante pasi\u00f3n de la cultura tropical. Las calidas notas de vainilla son tan suaves y acogedoras como la luz del sol, creando un encanto irresistible. Los aromas de pistacho,jazmin, vainilla y caramelo se entrelazan para envolverte en un dulce y cremoso aroma a pastel, que evoca la calidez del verano.<\/li>\n<li>Cada spray est? meticulosamente elaborado para despertar tussentidos,ofreciendounafragancia cautivadora a la vez que hidrata tu piel. Deja que las fragancias de este paraiso tropical te transporten a un reino lleno de celebracion y belleza infinita,como un deleitepara los sentidos.Estos aromas son exquisitos y oniricos,permitindote irradiarun encanto sensual.<\/li>\n<li>Usarlo significa que emana un encanto irresistible. No es s\u00f3lo una fragancia; es una celebraci\u00f3n de una vida llena de pasi\u00f3n.<\/li>\n<li>602EaudeParfumPistacho,almendra,girasolp??talos de jazmin,vainilla,caramelo salado,sandalo<\/li>\n<\/ul>","protected":false},"excerpt":{"rendered":"<p>Sttes Perfume se centra en fragancias tropicales gourmet,fusionando ala perfecci??n los sabores autenticos de la comida con la vibrante pasion de la cultura tropical. Las calidas notas de vainilla son tan suaves y acogedoras como la luz del sol, creando un encanto irresistible. Los aromas de pistacho,jazmin, vainilla y caramelo se entrelazan para envolverte en [&hellip;]<\/p>","protected":false},"featured_media":2264,"comment_status":"open","ping_status":"closed","template":"","meta":{"_acf_changed":false},"product_brand":[],"product_cat":[41],"product_tag":[],"class_list":{"0":"post-2261","1":"product","2":"type-product","3":"status-publish","4":"has-post-thumbnail","6":"product_cat-home-living","8":"first","9":"instock","10":"shipping-taxable","11":"purchasable","12":"product-type-variable","13":"has-default-attributes","14":"wvs-archive-product-wrapper"},"acf":[],"_links":{"self":[{"href":"https:\/\/convenienceshop.shop\/es\/wp-json\/wp\/v2\/product\/2261","targetHints":{"allow":["GET"]}}],"collection":[{"href":"https:\/\/convenienceshop.shop\/es\/wp-json\/wp\/v2\/product"}],"about":[{"href":"https:\/\/convenienceshop.shop\/es\/wp-json\/wp\/v2\/types\/product"}],"replies":[{"embeddable":true,"href":"https:\/\/convenienceshop.shop\/es\/wp-json\/wp\/v2\/comments?post=2261"}],"version-history":[{"count":0,"href":"https:\/\/convenienceshop.shop\/es\/wp-json\/wp\/v2\/product\/2261\/revisions"}],"wp:featuredmedia":[{"embeddable":true,"href":"https:\/\/convenienceshop.shop\/es\/wp-json\/wp\/v2\/media\/2264"}],"wp:attachment":[{"href":"https:\/\/convenienceshop.shop\/es\/wp-json\/wp\/v2\/media?parent=2261"}],"wp:term":[{"taxonomy":"product_brand","embeddable":true,"href":"https:\/\/convenienceshop.shop\/es\/wp-json\/wp\/v2\/product_brand?post=2261"},{"taxonomy":"product_cat","embeddable":true,"href":"https:\/\/convenienceshop.shop\/es\/wp-json\/wp\/v2\/product_cat?post=2261"},{"taxonomy":"product_tag","embeddable":true,"href":"https:\/\/convenienceshop.shop\/es\/wp-json\/wp\/v2\/product_tag?post=2261"}],"curies":[{"name":"wp","href":"https:\/\/api.w.org\/{rel}","templated":true}]}}