{"id":2276,"date":"2025-09-28T01:34:34","date_gmt":"2025-09-28T01:34:34","guid":{"rendered":"https:\/\/convenienceshop.shop\/?post_type=product&#038;p=2276"},"modified":"2025-09-28T01:50:38","modified_gmt":"2025-09-28T01:50:38","slug":"chorizo-iberica-de-bellota-mencas-2-unidades-de-650-grs-envasada-al-vacio-sin-gluten","status":"publish","type":"product","link":"https:\/\/convenienceshop.shop\/es\/producto\/chorizo-iberica-de-bellota-mencas-2-unidades-de-650-grs-envasada-al-vacio-sin-gluten\/","title":{"rendered":"CHORIZO IB\u00c9RICA DE BELLOTA MENCAS (2 unidades de 650 grs, envasada al vacio ) sin gluten"},"content":{"rendered":"<ul>\n<li>Producto Exclusivo: CHORIZO DE BELLOTA IERICO MENCAS.Pack de 2 unidades,cada una de 650 gramos.Embalaje al vacio para preservar su sabor. Ideal para amantes de la gastronomia ib\u00e9rica.<\/li>\n<li>Detalles del Producto: Est\u00e1 elaborado con carnes magras de cerdo ib\u00e9rio. No se incluyen detalles adicionales sobre calidad o caracteristicas no especificadas.Se recomiendaleer la descripcion completa para m\u00e1s informaci\u00f3n.<\/li>\n<li>Informaci\u00f3n adicional: El producto no proporciona detalles sobre usos o preparaciones. Se enfoca en la presentaci\u00f3n y peso de las unidades.<\/li>\n<\/ul>\n<p>\t\t\t\t\t\t\t\t\t\t\t\t\t<img fetchpriority=\"high\" decoding=\"async\" width=\"800\" height=\"620\" src=\"https:\/\/newbotay.shop\/wp-content\/uploads\/2025\/09\/279af222-5e67-4b01-b282-a46bd9eec608-1.png\" alt=\"\" srcset=\"https:\/\/newbotay.shop\/wp-content\/uploads\/2025\/09\/279af222-5e67-4b01-b282-a46bd9eec608-1.png 800w, https:\/\/newbotay.shop\/wp-content\/uploads\/2025\/09\/279af222-5e67-4b01-b282-a46bd9eec608-1-300x233.png 300w, https:\/\/newbotay.shop\/wp-content\/uploads\/2025\/09\/279af222-5e67-4b01-b282-a46bd9eec608-1-768x595.png 768w, https:\/\/newbotay.shop\/wp-content\/uploads\/2025\/09\/279af222-5e67-4b01-b282-a46bd9eec608-1-15x12.png 15w, https:\/\/newbotay.shop\/wp-content\/uploads\/2025\/09\/279af222-5e67-4b01-b282-a46bd9eec608-1-60x47.png 60w, https:\/\/newbotay.shop\/wp-content\/uploads\/2025\/09\/279af222-5e67-4b01-b282-a46bd9eec608-1-110x85.png 110w, https:\/\/newbotay.shop\/wp-content\/uploads\/2025\/09\/279af222-5e67-4b01-b282-a46bd9eec608-1-600x465.png 600w, https:\/\/newbotay.shop\/wp-content\/uploads\/2025\/09\/279af222-5e67-4b01-b282-a46bd9eec608-1-130x101.png 130w\" sizes=\"(max-width: 800px) 100vw, 800px\" \/><br \/>\n\t\t\t\t\t\t\t\t\t\t\t\t\t<img decoding=\"async\" width=\"800\" height=\"800\" src=\"https:\/\/newbotay.shop\/wp-content\/uploads\/2025\/09\/206dca9e-9787-48d4-b6e3-77b0ee40906b-1.png\" alt=\"\" srcset=\"https:\/\/newbotay.shop\/wp-content\/uploads\/2025\/09\/206dca9e-9787-48d4-b6e3-77b0ee40906b-1.png 800w, https:\/\/newbotay.shop\/wp-content\/uploads\/2025\/09\/206dca9e-9787-48d4-b6e3-77b0ee40906b-1-300x300.png 300w, https:\/\/newbotay.shop\/wp-content\/uploads\/2025\/09\/206dca9e-9787-48d4-b6e3-77b0ee40906b-1-150x150.png 150w, https:\/\/newbotay.shop\/wp-content\/uploads\/2025\/09\/206dca9e-9787-48d4-b6e3-77b0ee40906b-1-768x768.png 768w, https:\/\/newbotay.shop\/wp-content\/uploads\/2025\/09\/206dca9e-9787-48d4-b6e3-77b0ee40906b-1-12x12.png 12w, https:\/\/newbotay.shop\/wp-content\/uploads\/2025\/09\/206dca9e-9787-48d4-b6e3-77b0ee40906b-1-60x60.png 60w, https:\/\/newbotay.shop\/wp-content\/uploads\/2025\/09\/206dca9e-9787-48d4-b6e3-77b0ee40906b-1-110x110.png 110w, https:\/\/newbotay.shop\/wp-content\/uploads\/2025\/09\/206dca9e-9787-48d4-b6e3-77b0ee40906b-1-600x600.png 600w, https:\/\/newbotay.shop\/wp-content\/uploads\/2025\/09\/206dca9e-9787-48d4-b6e3-77b0ee40906b-1-130x130.png 130w\" sizes=\"(max-width: 800px) 100vw, 800px\" \/><br \/>\n\t\t\t\t\t\t\t\t\t\t\t\t\t<img decoding=\"async\" width=\"600\" height=\"800\" src=\"https:\/\/newbotay.shop\/wp-content\/uploads\/2025\/09\/0a1548ef-c116-4217-ae95-9b055510011e-1.png\" alt=\"\" srcset=\"https:\/\/newbotay.shop\/wp-content\/uploads\/2025\/09\/0a1548ef-c116-4217-ae95-9b055510011e-1.png 600w, https:\/\/newbotay.shop\/wp-content\/uploads\/2025\/09\/0a1548ef-c116-4217-ae95-9b055510011e-1-225x300.png 225w, https:\/\/newbotay.shop\/wp-content\/uploads\/2025\/09\/0a1548ef-c116-4217-ae95-9b055510011e-1-9x12.png 9w, https:\/\/newbotay.shop\/wp-content\/uploads\/2025\/09\/0a1548ef-c116-4217-ae95-9b055510011e-1-60x80.png 60w, https:\/\/newbotay.shop\/wp-content\/uploads\/2025\/09\/0a1548ef-c116-4217-ae95-9b055510011e-1-110x147.png 110w, https:\/\/newbotay.shop\/wp-content\/uploads\/2025\/09\/0a1548ef-c116-4217-ae95-9b055510011e-1-130x173.png 130w\" sizes=\"(max-width: 600px) 100vw, 600px\" \/><\/p>","protected":false},"excerpt":{"rendered":"<p>Producto Exclusivo: CHORIZO DE BELLOTA IERICO MENCAS.Pack de 2 unidades,cada una de 650 gramos.Embalaje al vacio para preservar su sabor. Ideal para amantes de la gastronomia ib\u00e9rica. Detalles del Producto: Est\u00e1 elaborado con carnes magras de cerdo ib\u00e9rio. No se incluyen detalles adicionales sobre calidad o caracteristicas no especificadas.Se recomiendaleer la descripcion completa para m\u00e1s [&hellip;]<\/p>","protected":false},"featured_media":2277,"comment_status":"open","ping_status":"closed","template":"","meta":{"_acf_changed":false},"product_brand":[],"product_cat":[61,41],"product_tag":[],"class_list":{"0":"post-2276","1":"product","2":"type-product","3":"status-publish","4":"has-post-thumbnail","6":"product_cat-61","7":"product_cat-home-living","9":"first","10":"instock","11":"shipping-taxable","12":"purchasable","13":"product-type-simple"},"acf":[],"_links":{"self":[{"href":"https:\/\/convenienceshop.shop\/es\/wp-json\/wp\/v2\/product\/2276","targetHints":{"allow":["GET"]}}],"collection":[{"href":"https:\/\/convenienceshop.shop\/es\/wp-json\/wp\/v2\/product"}],"about":[{"href":"https:\/\/convenienceshop.shop\/es\/wp-json\/wp\/v2\/types\/product"}],"replies":[{"embeddable":true,"href":"https:\/\/convenienceshop.shop\/es\/wp-json\/wp\/v2\/comments?post=2276"}],"version-history":[{"count":0,"href":"https:\/\/convenienceshop.shop\/es\/wp-json\/wp\/v2\/product\/2276\/revisions"}],"wp:featuredmedia":[{"embeddable":true,"href":"https:\/\/convenienceshop.shop\/es\/wp-json\/wp\/v2\/media\/2277"}],"wp:attachment":[{"href":"https:\/\/convenienceshop.shop\/es\/wp-json\/wp\/v2\/media?parent=2276"}],"wp:term":[{"taxonomy":"product_brand","embeddable":true,"href":"https:\/\/convenienceshop.shop\/es\/wp-json\/wp\/v2\/product_brand?post=2276"},{"taxonomy":"product_cat","embeddable":true,"href":"https:\/\/convenienceshop.shop\/es\/wp-json\/wp\/v2\/product_cat?post=2276"},{"taxonomy":"product_tag","embeddable":true,"href":"https:\/\/convenienceshop.shop\/es\/wp-json\/wp\/v2\/product_tag?post=2276"}],"curies":[{"name":"wp","href":"https:\/\/api.w.org\/{rel}","templated":true}]}}