{"id":2293,"date":"2025-10-11T05:16:47","date_gmt":"2025-10-11T05:16:47","guid":{"rendered":"https:\/\/convenienceshop.shop\/?post_type=product&#038;p=2293"},"modified":"2025-10-11T05:18:25","modified_gmt":"2025-10-11T05:18:25","slug":"flor-de-esgueva-queso-viejo-de-oveja-mini-madurado-en-corteza-natural-1-kg-elaborado-con-leche-cruda","status":"publish","type":"product","link":"https:\/\/convenienceshop.shop\/es\/producto\/flor-de-esgueva-queso-viejo-de-oveja-mini-madurado-en-corteza-natural-1-kg-elaborado-con-leche-cruda\/","title":{"rendered":"FLOR DE ESGUEVA Queso viejo de oveja, mini madurado en corteza natural , 1 kg elaborado con leche cruda"},"content":{"rendered":"<p><img fetchpriority=\"high\" decoding=\"async\" src=\"https:\/\/newbotay.shop\/wp-content\/uploads\/2025\/10\/3.jpg\" sizes=\"(max-width: 800px) 100vw, 800px\" srcset=\"https:\/\/newbotay.shop\/wp-content\/uploads\/2025\/10\/3.jpg 800w, https:\/\/newbotay.shop\/wp-content\/uploads\/2025\/10\/3-300x225.jpg 300w, https:\/\/newbotay.shop\/wp-content\/uploads\/2025\/10\/3-768x576.jpg 768w, https:\/\/newbotay.shop\/wp-content\/uploads\/2025\/10\/3-16x12.jpg 16w, https:\/\/newbotay.shop\/wp-content\/uploads\/2025\/10\/3-60x45.jpg 60w, https:\/\/newbotay.shop\/wp-content\/uploads\/2025\/10\/3-110x83.jpg 110w, https:\/\/newbotay.shop\/wp-content\/uploads\/2025\/10\/3-600x450.jpg 600w, https:\/\/newbotay.shop\/wp-content\/uploads\/2025\/10\/3-130x98.jpg 130w\" alt=\"\" width=\"800\" height=\"600\" \/><br \/>\n<img decoding=\"async\" src=\"https:\/\/newbotay.shop\/wp-content\/uploads\/2025\/10\/1.jpg\" sizes=\"(max-width: 800px) 100vw, 800px\" srcset=\"https:\/\/newbotay.shop\/wp-content\/uploads\/2025\/10\/1.jpg 800w, https:\/\/newbotay.shop\/wp-content\/uploads\/2025\/10\/1-300x225.jpg 300w, https:\/\/newbotay.shop\/wp-content\/uploads\/2025\/10\/1-768x576.jpg 768w, https:\/\/newbotay.shop\/wp-content\/uploads\/2025\/10\/1-16x12.jpg 16w, https:\/\/newbotay.shop\/wp-content\/uploads\/2025\/10\/1-60x45.jpg 60w, https:\/\/newbotay.shop\/wp-content\/uploads\/2025\/10\/1-110x83.jpg 110w, https:\/\/newbotay.shop\/wp-content\/uploads\/2025\/10\/1-600x450.jpg 600w, https:\/\/newbotay.shop\/wp-content\/uploads\/2025\/10\/1-130x98.jpg 130w\" alt=\"\" width=\"800\" height=\"600\" \/><br \/>\n<img decoding=\"async\" src=\"https:\/\/newbotay.shop\/wp-content\/uploads\/2025\/10\/2.jpg\" sizes=\"(max-width: 800px) 100vw, 800px\" srcset=\"https:\/\/newbotay.shop\/wp-content\/uploads\/2025\/10\/2.jpg 800w, https:\/\/newbotay.shop\/wp-content\/uploads\/2025\/10\/2-300x225.jpg 300w, https:\/\/newbotay.shop\/wp-content\/uploads\/2025\/10\/2-768x576.jpg 768w, https:\/\/newbotay.shop\/wp-content\/uploads\/2025\/10\/2-16x12.jpg 16w, https:\/\/newbotay.shop\/wp-content\/uploads\/2025\/10\/2-60x45.jpg 60w, https:\/\/newbotay.shop\/wp-content\/uploads\/2025\/10\/2-110x83.jpg 110w, https:\/\/newbotay.shop\/wp-content\/uploads\/2025\/10\/2-600x450.jpg 600w, https:\/\/newbotay.shop\/wp-content\/uploads\/2025\/10\/2-130x98.jpg 130w\" alt=\"\" width=\"800\" height=\"600\" \/><\/p>\n<ul>\n<li>Conservar entre +2\u00b0C y +6\u00b0C<\/li>\n<li>Pa\u00eds de origen: Espa\u00f1a<\/li>\n<li>Ingredientes: Leche de oveja, Sal, Conservador E- 252, Cuajo de origen animal (cordero), Fermentos l\u00e1cticos.<\/li>\n<li>Corteza no comestible<\/li>\n<li>Lista para consumir<\/li>\n<\/ul>","protected":false},"excerpt":{"rendered":"<p>Conservar entre +2\u00b0C y +6\u00b0C Pa\u00eds de origen: Espa\u00f1a Ingredientes: Leche de oveja, Sal, Conservador E- 252, Cuajo de origen animal (cordero), Fermentos l\u00e1cticos. Corteza no comestible Listo para consumir<\/p>","protected":false},"featured_media":2286,"comment_status":"open","ping_status":"closed","template":"","meta":{"_acf_changed":false},"product_brand":[],"product_cat":[41],"product_tag":[],"class_list":{"0":"post-2293","1":"product","2":"type-product","3":"status-publish","4":"has-post-thumbnail","6":"product_cat-home-living","8":"first","9":"instock","10":"shipping-taxable","11":"purchasable","12":"product-type-simple"},"acf":[],"_links":{"self":[{"href":"https:\/\/convenienceshop.shop\/es\/wp-json\/wp\/v2\/product\/2293","targetHints":{"allow":["GET"]}}],"collection":[{"href":"https:\/\/convenienceshop.shop\/es\/wp-json\/wp\/v2\/product"}],"about":[{"href":"https:\/\/convenienceshop.shop\/es\/wp-json\/wp\/v2\/types\/product"}],"replies":[{"embeddable":true,"href":"https:\/\/convenienceshop.shop\/es\/wp-json\/wp\/v2\/comments?post=2293"}],"version-history":[{"count":0,"href":"https:\/\/convenienceshop.shop\/es\/wp-json\/wp\/v2\/product\/2293\/revisions"}],"wp:featuredmedia":[{"embeddable":true,"href":"https:\/\/convenienceshop.shop\/es\/wp-json\/wp\/v2\/media\/2286"}],"wp:attachment":[{"href":"https:\/\/convenienceshop.shop\/es\/wp-json\/wp\/v2\/media?parent=2293"}],"wp:term":[{"taxonomy":"product_brand","embeddable":true,"href":"https:\/\/convenienceshop.shop\/es\/wp-json\/wp\/v2\/product_brand?post=2293"},{"taxonomy":"product_cat","embeddable":true,"href":"https:\/\/convenienceshop.shop\/es\/wp-json\/wp\/v2\/product_cat?post=2293"},{"taxonomy":"product_tag","embeddable":true,"href":"https:\/\/convenienceshop.shop\/es\/wp-json\/wp\/v2\/product_tag?post=2293"}],"curies":[{"name":"wp","href":"https:\/\/api.w.org\/{rel}","templated":true}]}}