{"id":2297,"date":"2025-11-09T03:36:20","date_gmt":"2025-11-09T03:36:20","guid":{"rendered":"https:\/\/convenienceshop.shop\/?post_type=product&#038;p=2297"},"modified":"2025-11-12T11:48:03","modified_gmt":"2025-11-12T11:48:03","slug":"azan-muslim-night-light-quran-holy-portable-wireless-caixa-de-som-bluetooth-speaker-music-sound-box-blutooth-for-mini-baffle-bright-lamp-koran-home-gift","status":"publish","type":"product","link":"https:\/\/convenienceshop.shop\/es\/producto\/azan-muslim-night-light-quran-holy-portable-wireless-caixa-de-som-bluetooth-speaker-music-sound-box-blutooth-for-mini-baffle-bright-lamp-koran-home-gift\/","title":{"rendered":"Azan Musulm\u00e1n Luz de Noche Cor\u00e1n Sagrado Port\u00e1til Inal\u00e1mbrico Caixa De Som Altavoz Bluetooth M\u00fasica Caja De Sonido Blutooth Para Mini Baffle L\u00e1mpara Brillante Cor\u00e1n Casa Regalo"},"content":{"rendered":"<p><img fetchpriority=\"high\" decoding=\"async\" src=\"https:\/\/newbotay.shop\/wp-content\/uploads\/2025\/10\/f78380f7165242a297a2536365d4522etplv-t5fjg24jzw-resize-webp_800_800-1.webp\" sizes=\"(max-width: 800px) 100vw, 800px\" srcset=\"https:\/\/newbotay.shop\/wp-content\/uploads\/2025\/10\/f78380f7165242a297a2536365d4522etplv-t5fjg24jzw-resize-webp_800_800-1.webp 800w, https:\/\/newbotay.shop\/wp-content\/uploads\/2025\/10\/f78380f7165242a297a2536365d4522etplv-t5fjg24jzw-resize-webp_800_800-1-300x300.webp 300w, https:\/\/newbotay.shop\/wp-content\/uploads\/2025\/10\/f78380f7165242a297a2536365d4522etplv-t5fjg24jzw-resize-webp_800_800-1-150x150.webp 150w, https:\/\/newbotay.shop\/wp-content\/uploads\/2025\/10\/f78380f7165242a297a2536365d4522etplv-t5fjg24jzw-resize-webp_800_800-1-768x768.webp 768w, https:\/\/newbotay.shop\/wp-content\/uploads\/2025\/10\/f78380f7165242a297a2536365d4522etplv-t5fjg24jzw-resize-webp_800_800-1-12x12.webp 12w, https:\/\/newbotay.shop\/wp-content\/uploads\/2025\/10\/f78380f7165242a297a2536365d4522etplv-t5fjg24jzw-resize-webp_800_800-1-60x60.webp 60w, https:\/\/newbotay.shop\/wp-content\/uploads\/2025\/10\/f78380f7165242a297a2536365d4522etplv-t5fjg24jzw-resize-webp_800_800-1-110x110.webp 110w, https:\/\/newbotay.shop\/wp-content\/uploads\/2025\/10\/f78380f7165242a297a2536365d4522etplv-t5fjg24jzw-resize-webp_800_800-1-600x600.webp 600w, https:\/\/newbotay.shop\/wp-content\/uploads\/2025\/10\/f78380f7165242a297a2536365d4522etplv-t5fjg24jzw-resize-webp_800_800-1-130x130.webp 130w\" alt=\"\" width=\"800\" height=\"800\" \/><br \/>\n<img decoding=\"async\" src=\"https:\/\/newbotay.shop\/wp-content\/uploads\/2025\/10\/dc05b7c9e7fb42a888fcad915e2e94a6tplv-t5fjg24jzw-resize-webp_800_800-1.webp\" sizes=\"(max-width: 800px) 100vw, 800px\" srcset=\"https:\/\/newbotay.shop\/wp-content\/uploads\/2025\/10\/dc05b7c9e7fb42a888fcad915e2e94a6tplv-t5fjg24jzw-resize-webp_800_800-1.webp 800w, https:\/\/newbotay.shop\/wp-content\/uploads\/2025\/10\/dc05b7c9e7fb42a888fcad915e2e94a6tplv-t5fjg24jzw-resize-webp_800_800-1-300x300.webp 300w, https:\/\/newbotay.shop\/wp-content\/uploads\/2025\/10\/dc05b7c9e7fb42a888fcad915e2e94a6tplv-t5fjg24jzw-resize-webp_800_800-1-150x150.webp 150w, https:\/\/newbotay.shop\/wp-content\/uploads\/2025\/10\/dc05b7c9e7fb42a888fcad915e2e94a6tplv-t5fjg24jzw-resize-webp_800_800-1-768x768.webp 768w, https:\/\/newbotay.shop\/wp-content\/uploads\/2025\/10\/dc05b7c9e7fb42a888fcad915e2e94a6tplv-t5fjg24jzw-resize-webp_800_800-1-12x12.webp 12w, https:\/\/newbotay.shop\/wp-content\/uploads\/2025\/10\/dc05b7c9e7fb42a888fcad915e2e94a6tplv-t5fjg24jzw-resize-webp_800_800-1-60x60.webp 60w, https:\/\/newbotay.shop\/wp-content\/uploads\/2025\/10\/dc05b7c9e7fb42a888fcad915e2e94a6tplv-t5fjg24jzw-resize-webp_800_800-1-110x110.webp 110w, https:\/\/newbotay.shop\/wp-content\/uploads\/2025\/10\/dc05b7c9e7fb42a888fcad915e2e94a6tplv-t5fjg24jzw-resize-webp_800_800-1-600x600.webp 600w, https:\/\/newbotay.shop\/wp-content\/uploads\/2025\/10\/dc05b7c9e7fb42a888fcad915e2e94a6tplv-t5fjg24jzw-resize-webp_800_800-1-130x130.webp 130w\" alt=\"\" width=\"800\" height=\"800\" \/><br \/>\n<img decoding=\"async\" src=\"https:\/\/newbotay.shop\/wp-content\/uploads\/2025\/10\/ac9e453b16804add81759f60405dd51etplv-t5fjg24jzw-resize-webp_800_800.webp\" sizes=\"(max-width: 800px) 100vw, 800px\" srcset=\"https:\/\/newbotay.shop\/wp-content\/uploads\/2025\/10\/ac9e453b16804add81759f60405dd51etplv-t5fjg24jzw-resize-webp_800_800.webp 800w, https:\/\/newbotay.shop\/wp-content\/uploads\/2025\/10\/ac9e453b16804add81759f60405dd51etplv-t5fjg24jzw-resize-webp_800_800-300x300.webp 300w, https:\/\/newbotay.shop\/wp-content\/uploads\/2025\/10\/ac9e453b16804add81759f60405dd51etplv-t5fjg24jzw-resize-webp_800_800-150x150.webp 150w, https:\/\/newbotay.shop\/wp-content\/uploads\/2025\/10\/ac9e453b16804add81759f60405dd51etplv-t5fjg24jzw-resize-webp_800_800-768x768.webp 768w, https:\/\/newbotay.shop\/wp-content\/uploads\/2025\/10\/ac9e453b16804add81759f60405dd51etplv-t5fjg24jzw-resize-webp_800_800-12x12.webp 12w, https:\/\/newbotay.shop\/wp-content\/uploads\/2025\/10\/ac9e453b16804add81759f60405dd51etplv-t5fjg24jzw-resize-webp_800_800-60x60.webp 60w, https:\/\/newbotay.shop\/wp-content\/uploads\/2025\/10\/ac9e453b16804add81759f60405dd51etplv-t5fjg24jzw-resize-webp_800_800-110x110.webp 110w, https:\/\/newbotay.shop\/wp-content\/uploads\/2025\/10\/ac9e453b16804add81759f60405dd51etplv-t5fjg24jzw-resize-webp_800_800-600x600.webp 600w, https:\/\/newbotay.shop\/wp-content\/uploads\/2025\/10\/ac9e453b16804add81759f60405dd51etplv-t5fjg24jzw-resize-webp_800_800-130x130.webp 130w\" alt=\"\" width=\"800\" height=\"800\" \/><br \/>\n<img loading=\"lazy\" decoding=\"async\" src=\"https:\/\/newbotay.shop\/wp-content\/uploads\/2025\/10\/f25f37b4bbbd43a4b9e793c3b6989cfftplv-t5fjg24jzw-resize-webp_800_800.webp\" sizes=\"(max-width: 800px) 100vw, 800px\" srcset=\"https:\/\/newbotay.shop\/wp-content\/uploads\/2025\/10\/f25f37b4bbbd43a4b9e793c3b6989cfftplv-t5fjg24jzw-resize-webp_800_800.webp 800w, https:\/\/newbotay.shop\/wp-content\/uploads\/2025\/10\/f25f37b4bbbd43a4b9e793c3b6989cfftplv-t5fjg24jzw-resize-webp_800_800-300x300.webp 300w, https:\/\/newbotay.shop\/wp-content\/uploads\/2025\/10\/f25f37b4bbbd43a4b9e793c3b6989cfftplv-t5fjg24jzw-resize-webp_800_800-150x150.webp 150w, https:\/\/newbotay.shop\/wp-content\/uploads\/2025\/10\/f25f37b4bbbd43a4b9e793c3b6989cfftplv-t5fjg24jzw-resize-webp_800_800-768x768.webp 768w, https:\/\/newbotay.shop\/wp-content\/uploads\/2025\/10\/f25f37b4bbbd43a4b9e793c3b6989cfftplv-t5fjg24jzw-resize-webp_800_800-12x12.webp 12w, https:\/\/newbotay.shop\/wp-content\/uploads\/2025\/10\/f25f37b4bbbd43a4b9e793c3b6989cfftplv-t5fjg24jzw-resize-webp_800_800-60x60.webp 60w, https:\/\/newbotay.shop\/wp-content\/uploads\/2025\/10\/f25f37b4bbbd43a4b9e793c3b6989cfftplv-t5fjg24jzw-resize-webp_800_800-110x110.webp 110w, https:\/\/newbotay.shop\/wp-content\/uploads\/2025\/10\/f25f37b4bbbd43a4b9e793c3b6989cfftplv-t5fjg24jzw-resize-webp_800_800-600x600.webp 600w, https:\/\/newbotay.shop\/wp-content\/uploads\/2025\/10\/f25f37b4bbbd43a4b9e793c3b6989cfftplv-t5fjg24jzw-resize-webp_800_800-130x130.webp 130w\" alt=\"\" width=\"800\" height=\"800\" \/><br \/>\n<img loading=\"lazy\" decoding=\"async\" src=\"https:\/\/newbotay.shop\/wp-content\/uploads\/2025\/10\/4b6627eac8624d9bbfcfcdc979af1e04tplv-t5fjg24jzw-resize-webp_800_800.webp\" sizes=\"(max-width: 800px) 100vw, 800px\" srcset=\"https:\/\/newbotay.shop\/wp-content\/uploads\/2025\/10\/4b6627eac8624d9bbfcfcdc979af1e04tplv-t5fjg24jzw-resize-webp_800_800.webp 800w, https:\/\/newbotay.shop\/wp-content\/uploads\/2025\/10\/4b6627eac8624d9bbfcfcdc979af1e04tplv-t5fjg24jzw-resize-webp_800_800-300x300.webp 300w, https:\/\/newbotay.shop\/wp-content\/uploads\/2025\/10\/4b6627eac8624d9bbfcfcdc979af1e04tplv-t5fjg24jzw-resize-webp_800_800-150x150.webp 150w, https:\/\/newbotay.shop\/wp-content\/uploads\/2025\/10\/4b6627eac8624d9bbfcfcdc979af1e04tplv-t5fjg24jzw-resize-webp_800_800-768x768.webp 768w, https:\/\/newbotay.shop\/wp-content\/uploads\/2025\/10\/4b6627eac8624d9bbfcfcdc979af1e04tplv-t5fjg24jzw-resize-webp_800_800-12x12.webp 12w, https:\/\/newbotay.shop\/wp-content\/uploads\/2025\/10\/4b6627eac8624d9bbfcfcdc979af1e04tplv-t5fjg24jzw-resize-webp_800_800-60x60.webp 60w, https:\/\/newbotay.shop\/wp-content\/uploads\/2025\/10\/4b6627eac8624d9bbfcfcdc979af1e04tplv-t5fjg24jzw-resize-webp_800_800-110x110.webp 110w, https:\/\/newbotay.shop\/wp-content\/uploads\/2025\/10\/4b6627eac8624d9bbfcfcdc979af1e04tplv-t5fjg24jzw-resize-webp_800_800-600x600.webp 600w, https:\/\/newbotay.shop\/wp-content\/uploads\/2025\/10\/4b6627eac8624d9bbfcfcdc979af1e04tplv-t5fjg24jzw-resize-webp_800_800-130x130.webp 130w\" alt=\"\" width=\"800\" height=\"800\" \/><\/p>\n<ul>\n<li>\u3010Comodidad de aplicacion y control remoto\u3011\uff1a Controle sin esfuerzo su atmosfera con la aplicacion y el control remoto de la luz nocturna LED, ofreciendo el lujo de ajustar la configuracion y crear sonidos personalizados desde la comodidad de su sofa.<\/li>\n<li>\u3010Conectividad estable y conveniente\u3011:La maquina de sonido multifuncional cuenta con una conexion inalambrica con un diseno fuerte bluetooth- compatible, lo que garantiza un enlace estable y conveniente a su movil, PC o computadora portatil para disfrutar de audio ininterrumpido.<\/li>\n<li>\u3010Bater\u00eda de larga duraci\u00f3n\u3011: Con su disco recargable por USB, la m\u00e1quina de sonido ofrece un tiempo de reproducci\u00f3n prolongado, lo que garantiza que su m\u00fasica o sonidos duren toda la noche sin necesidad de una recarga constante.<\/li>\n<li>\u3010Diseno portatil\u3011:Ligero y facil de transportar, perfecto para usar sobre la marcha.<\/li>\n<li>\u3010Beneficios de la luz nocturna LED\u3011:La funci\u00f3n de luz nocturna LED ofrece un brillo suave y ajustable, proporcionando un elemento visual relajante a su espacio y mejorando el ambiente de su habitaci\u00f3n.<\/li>\n<\/ul>","protected":false},"excerpt":{"rendered":"<p>\u3010Comodidad de aplicaci\u00f3n y control remoto\u3011\uff1a Controle sin esfuerzo su atmosfera con la aplicacion y el control remoto de la luz nocturna LED, ofreciendo el lujo de ajustar la configuracion y crear sonidos personalizados desde la comodidad de su sofa. \u3010Conectividad estable y conveniente\u3011:La maquina de sonido multifuncional cuenta con una conexion inal\u00e1mbrica con un [&hellip;]<\/p>","protected":false},"featured_media":2298,"comment_status":"open","ping_status":"closed","template":"","meta":{"_acf_changed":false},"product_brand":[],"product_cat":[41],"product_tag":[],"class_list":{"0":"post-2297","1":"product","2":"type-product","3":"status-publish","4":"has-post-thumbnail","6":"product_cat-home-living","8":"first","9":"instock","10":"shipping-taxable","11":"purchasable","12":"product-type-simple"},"acf":[],"_links":{"self":[{"href":"https:\/\/convenienceshop.shop\/es\/wp-json\/wp\/v2\/product\/2297","targetHints":{"allow":["GET"]}}],"collection":[{"href":"https:\/\/convenienceshop.shop\/es\/wp-json\/wp\/v2\/product"}],"about":[{"href":"https:\/\/convenienceshop.shop\/es\/wp-json\/wp\/v2\/types\/product"}],"replies":[{"embeddable":true,"href":"https:\/\/convenienceshop.shop\/es\/wp-json\/wp\/v2\/comments?post=2297"}],"version-history":[{"count":0,"href":"https:\/\/convenienceshop.shop\/es\/wp-json\/wp\/v2\/product\/2297\/revisions"}],"wp:featuredmedia":[{"embeddable":true,"href":"https:\/\/convenienceshop.shop\/es\/wp-json\/wp\/v2\/media\/2298"}],"wp:attachment":[{"href":"https:\/\/convenienceshop.shop\/es\/wp-json\/wp\/v2\/media?parent=2297"}],"wp:term":[{"taxonomy":"product_brand","embeddable":true,"href":"https:\/\/convenienceshop.shop\/es\/wp-json\/wp\/v2\/product_brand?post=2297"},{"taxonomy":"product_cat","embeddable":true,"href":"https:\/\/convenienceshop.shop\/es\/wp-json\/wp\/v2\/product_cat?post=2297"},{"taxonomy":"product_tag","embeddable":true,"href":"https:\/\/convenienceshop.shop\/es\/wp-json\/wp\/v2\/product_tag?post=2297"}],"curies":[{"name":"wp","href":"https:\/\/api.w.org\/{rel}","templated":true}]}}