{"id":2315,"date":"2025-11-25T06:19:51","date_gmt":"2025-11-25T06:19:51","guid":{"rendered":"https:\/\/convenienceshop.shop\/?post_type=product&#038;p=2315"},"modified":"2025-11-25T06:28:08","modified_gmt":"2025-11-25T06:28:08","slug":"protein-bar-selection-box-gifting-box-protein-bars-festive-flavours","status":"publish","type":"product","link":"https:\/\/convenienceshop.shop\/es\/producto\/protein-bar-selection-box-gifting-box-protein-bars-festive-flavours\/","title":{"rendered":"Protein Bar Selection Box - Caja regalo - Barritas prote\u00ednicas - Sabores festivos"},"content":{"rendered":"<p><img fetchpriority=\"high\" decoding=\"async\" width=\"600\" height=\"600\" src=\"https:\/\/newbotay.shop\/wp-content\/uploads\/2025\/11\/bff066c167b547f9a8529481d37a32f3tplv-t5fjg24jzw-resize-webp_800_800-1.webp\" alt=\"\" srcset=\"https:\/\/newbotay.shop\/wp-content\/uploads\/2025\/11\/bff066c167b547f9a8529481d37a32f3tplv-t5fjg24jzw-resize-webp_800_800-1.webp 600w, https:\/\/newbotay.shop\/wp-content\/uploads\/2025\/11\/bff066c167b547f9a8529481d37a32f3tplv-t5fjg24jzw-resize-webp_800_800-1-300x300.webp 300w, https:\/\/newbotay.shop\/wp-content\/uploads\/2025\/11\/bff066c167b547f9a8529481d37a32f3tplv-t5fjg24jzw-resize-webp_800_800-1-150x150.webp 150w, https:\/\/newbotay.shop\/wp-content\/uploads\/2025\/11\/bff066c167b547f9a8529481d37a32f3tplv-t5fjg24jzw-resize-webp_800_800-1-12x12.webp 12w, https:\/\/newbotay.shop\/wp-content\/uploads\/2025\/11\/bff066c167b547f9a8529481d37a32f3tplv-t5fjg24jzw-resize-webp_800_800-1-60x60.webp 60w, https:\/\/newbotay.shop\/wp-content\/uploads\/2025\/11\/bff066c167b547f9a8529481d37a32f3tplv-t5fjg24jzw-resize-webp_800_800-1-110x110.webp 110w, https:\/\/newbotay.shop\/wp-content\/uploads\/2025\/11\/bff066c167b547f9a8529481d37a32f3tplv-t5fjg24jzw-resize-webp_800_800-1-130x130.webp 130w\" sizes=\"(max-width: 600px) 100vw, 600px\" \/><br \/>\n\t\t\t\t\t\t\t\t\t\t\t\t\t<img decoding=\"async\" width=\"800\" height=\"800\" src=\"https:\/\/newbotay.shop\/wp-content\/uploads\/2025\/11\/a949b8fd531c4e7d90924df8d13cf18atplv-t5fjg24jzw-resize-webp_800_800-1.webp\" alt=\"\" srcset=\"https:\/\/newbotay.shop\/wp-content\/uploads\/2025\/11\/a949b8fd531c4e7d90924df8d13cf18atplv-t5fjg24jzw-resize-webp_800_800-1.webp 800w, https:\/\/newbotay.shop\/wp-content\/uploads\/2025\/11\/a949b8fd531c4e7d90924df8d13cf18atplv-t5fjg24jzw-resize-webp_800_800-1-300x300.webp 300w, https:\/\/newbotay.shop\/wp-content\/uploads\/2025\/11\/a949b8fd531c4e7d90924df8d13cf18atplv-t5fjg24jzw-resize-webp_800_800-1-150x150.webp 150w, https:\/\/newbotay.shop\/wp-content\/uploads\/2025\/11\/a949b8fd531c4e7d90924df8d13cf18atplv-t5fjg24jzw-resize-webp_800_800-1-768x768.webp 768w, https:\/\/newbotay.shop\/wp-content\/uploads\/2025\/11\/a949b8fd531c4e7d90924df8d13cf18atplv-t5fjg24jzw-resize-webp_800_800-1-12x12.webp 12w, https:\/\/newbotay.shop\/wp-content\/uploads\/2025\/11\/a949b8fd531c4e7d90924df8d13cf18atplv-t5fjg24jzw-resize-webp_800_800-1-60x60.webp 60w, https:\/\/newbotay.shop\/wp-content\/uploads\/2025\/11\/a949b8fd531c4e7d90924df8d13cf18atplv-t5fjg24jzw-resize-webp_800_800-1-110x110.webp 110w, https:\/\/newbotay.shop\/wp-content\/uploads\/2025\/11\/a949b8fd531c4e7d90924df8d13cf18atplv-t5fjg24jzw-resize-webp_800_800-1-600x600.webp 600w, https:\/\/newbotay.shop\/wp-content\/uploads\/2025\/11\/a949b8fd531c4e7d90924df8d13cf18atplv-t5fjg24jzw-resize-webp_800_800-1-130x130.webp 130w\" sizes=\"(max-width: 800px) 100vw, 800px\" \/><br \/>\n\t\t\t\t\t\t\t\t\t\t\t\t\t<img decoding=\"async\" width=\"800\" height=\"800\" src=\"https:\/\/newbotay.shop\/wp-content\/uploads\/2025\/11\/fcaa2a6f75654eafa1a47d5f322f435ftplv-t5fjg24jzw-resize-webp_800_800-1.webp\" alt=\"\" srcset=\"https:\/\/newbotay.shop\/wp-content\/uploads\/2025\/11\/fcaa2a6f75654eafa1a47d5f322f435ftplv-t5fjg24jzw-resize-webp_800_800-1.webp 800w, https:\/\/newbotay.shop\/wp-content\/uploads\/2025\/11\/fcaa2a6f75654eafa1a47d5f322f435ftplv-t5fjg24jzw-resize-webp_800_800-1-300x300.webp 300w, https:\/\/newbotay.shop\/wp-content\/uploads\/2025\/11\/fcaa2a6f75654eafa1a47d5f322f435ftplv-t5fjg24jzw-resize-webp_800_800-1-150x150.webp 150w, https:\/\/newbotay.shop\/wp-content\/uploads\/2025\/11\/fcaa2a6f75654eafa1a47d5f322f435ftplv-t5fjg24jzw-resize-webp_800_800-1-768x768.webp 768w, https:\/\/newbotay.shop\/wp-content\/uploads\/2025\/11\/fcaa2a6f75654eafa1a47d5f322f435ftplv-t5fjg24jzw-resize-webp_800_800-1-12x12.webp 12w, https:\/\/newbotay.shop\/wp-content\/uploads\/2025\/11\/fcaa2a6f75654eafa1a47d5f322f435ftplv-t5fjg24jzw-resize-webp_800_800-1-60x60.webp 60w, https:\/\/newbotay.shop\/wp-content\/uploads\/2025\/11\/fcaa2a6f75654eafa1a47d5f322f435ftplv-t5fjg24jzw-resize-webp_800_800-1-110x110.webp 110w, https:\/\/newbotay.shop\/wp-content\/uploads\/2025\/11\/fcaa2a6f75654eafa1a47d5f322f435ftplv-t5fjg24jzw-resize-webp_800_800-1-600x600.webp 600w, https:\/\/newbotay.shop\/wp-content\/uploads\/2025\/11\/fcaa2a6f75654eafa1a47d5f322f435ftplv-t5fjg24jzw-resize-webp_800_800-1-130x130.webp 130w\" sizes=\"(max-width: 800px) 100vw, 800px\" \/><br \/>\n\t\tCelebra las fiestas sin pisar el acelerador. Todas las barritas de nuestra Caja de Selecci\u00f3n festiva dan en el clavo... En su interior encontrar\u00e1s una cuidada mezcla de barritas y barquillos ricos en prote\u00ednas dise\u00f1ados para favorecer la recuperaci\u00f3n muscular y mantener el ritmo de entrenamiento durante las fiestas... Hemos incluido tres barritas en capas de edici\u00f3n limitada con sabores festivos exclusivos. Piensa en el chocolate de Yule Log, las especias de pan de jengibre y las cremosas Festive Baubles... Y entre estos productos destacados de temporada est\u00e1n los favoritos de todos los d\u00edas como la Crispy Squares Bar, Toffee Crunch, Hazelnut Filled Wafer y Fudge Brownie Impact Protein Bar... Qu\u00e9 incluye????(Exclusivo de Navidad) Barrita en capas Tronco de Navidad (Exclusivo de Navidad) Barrita en capas Chucher\u00edas festivas (Exclusivo de Navidad) Barrita en capas Pan de jengibre (Exclusivo de Navidad) Toffee Crunch (Exclusivo de Navidad) Barrita crujiente de malvavisco y vainilla (Exclusivo de Navidad) Barquillo relleno de avellana (Exclusivo de Navidad) Barrita proteica Fudge Brownie Impact (Exclusivo de Navidad) Beneficios clave: Sabores festivos exclusivos: Barritas en capas de edici\u00f3n limitada de tronco de Navidad, pan de jengibre y chucher\u00edas festivas dise\u00f1adas para satisfacer los antojos estacionales sin comprometer las macros: Desde los cuadrados que se derriten en la boca hasta los crujientes barquillos, esta caja satisface todas las texturas que le apetecen a su paladar... Perfecto para regalar... Descubra nuevos productos favoritos y esenciales... Uso recomendado... INFORMACI\u00d3N IMPORTANTE: Conservar en un lugar fresco y seco, protegido de la luz solar directa. No apto para vegetarianos. ADVERTENCIA: Un consumo excesivo puede producir efectos laxantes. Para obtener informaci\u00f3n completa sobre el producto, consulte cada uno de los productos adjuntos.<\/p>","protected":false},"excerpt":{"rendered":"<p>Celebra las fiestas sin pisar el acelerador. Todas las barritas de nuestra Caja de Selecci\u00f3n festiva dan en el clavo. En su interior encontrar\u00e1s una cuidada mezcla de barritas y barquillos ricos en prote\u00ednas dise\u00f1ados para favorecer la recuperaci\u00f3n muscular y mantener el ritmo de entrenamiento durante las fiestas. Hemos incluido tres barritas en capas de edici\u00f3n limitada con sabores festivos exclusivos. Piensa en la chocolatosa [...]<\/p>","protected":false},"featured_media":2316,"comment_status":"open","ping_status":"closed","template":"","meta":{"_acf_changed":false},"product_brand":[],"product_cat":[55],"product_tag":[],"class_list":{"0":"post-2315","1":"product","2":"type-product","3":"status-publish","4":"has-post-thumbnail","6":"product_cat-best-seller","8":"first","9":"instock","10":"sale","11":"shipping-taxable","12":"purchasable","13":"product-type-simple"},"acf":[],"_links":{"self":[{"href":"https:\/\/convenienceshop.shop\/es\/wp-json\/wp\/v2\/product\/2315","targetHints":{"allow":["GET"]}}],"collection":[{"href":"https:\/\/convenienceshop.shop\/es\/wp-json\/wp\/v2\/product"}],"about":[{"href":"https:\/\/convenienceshop.shop\/es\/wp-json\/wp\/v2\/types\/product"}],"replies":[{"embeddable":true,"href":"https:\/\/convenienceshop.shop\/es\/wp-json\/wp\/v2\/comments?post=2315"}],"version-history":[{"count":0,"href":"https:\/\/convenienceshop.shop\/es\/wp-json\/wp\/v2\/product\/2315\/revisions"}],"wp:featuredmedia":[{"embeddable":true,"href":"https:\/\/convenienceshop.shop\/es\/wp-json\/wp\/v2\/media\/2316"}],"wp:attachment":[{"href":"https:\/\/convenienceshop.shop\/es\/wp-json\/wp\/v2\/media?parent=2315"}],"wp:term":[{"taxonomy":"product_brand","embeddable":true,"href":"https:\/\/convenienceshop.shop\/es\/wp-json\/wp\/v2\/product_brand?post=2315"},{"taxonomy":"product_cat","embeddable":true,"href":"https:\/\/convenienceshop.shop\/es\/wp-json\/wp\/v2\/product_cat?post=2315"},{"taxonomy":"product_tag","embeddable":true,"href":"https:\/\/convenienceshop.shop\/es\/wp-json\/wp\/v2\/product_tag?post=2315"}],"curies":[{"name":"wp","href":"https:\/\/api.w.org\/{rel}","templated":true}]}}