{"id":2323,"date":"2025-12-02T03:06:54","date_gmt":"2025-12-02T03:06:54","guid":{"rendered":"https:\/\/convenienceshop.shop\/?post_type=product&#038;p=2323"},"modified":"2025-12-19T18:17:45","modified_gmt":"2025-12-19T18:17:45","slug":"urzante-aceite-de-oliva-virgen-extra-5-litros-calidad-premium-sabor-intenso","status":"publish","type":"product","link":"https:\/\/convenienceshop.shop\/es\/producto\/urzante-aceite-de-oliva-virgen-extra-5-litros-calidad-premium-sabor-intenso\/","title":{"rendered":"Urzante Aceite de Oliva Virgen Extra 5 Litros, Calidad Premium, Sabor Intenso"},"content":{"rendered":"<div data-elementor-type=\"product-post\" data-elementor-id=\"2323\" class=\"elementor elementor-2323\" data-elementor-post-type=\"product\">\n\t\t\t\t<div class=\"elementor-element elementor-element-615c7721 e-flex e-con-boxed e-con e-parent\" data-id=\"615c7721\" data-element_type=\"container\" data-settings=\"{&quot;ekit_has_onepagescroll_dot&quot;:&quot;yes&quot;}\">\n\t\t\t\t\t<div class=\"e-con-inner\">\n\t\t\t\t<div class=\"elementor-element elementor-element-a7b9c42 elementor-widget elementor-widget-image\" data-id=\"a7b9c42\" data-element_type=\"widget\" data-settings=\"{&quot;ekit_we_effect_on&quot;:&quot;none&quot;}\" data-widget_type=\"image.default\">\n\t\t\t\t<div class=\"elementor-widget-container\">\n\t\t\t\t\t\t\t\t\t\t\t\t\t\t\t<img fetchpriority=\"high\" decoding=\"async\" width=\"800\" height=\"800\" src=\"https:\/\/convenienceshop.shop\/wp-content\/uploads\/2025\/12\/f53effe8b0754029ac0f29c257bcf84etplv-t5fjg24jzw-resize-webp_800_800-1.webp\" class=\"attachment-large size-large wp-image-2341 wvs-archive-product-image\" alt=\"\" srcset=\"https:\/\/convenienceshop.shop\/wp-content\/uploads\/2025\/12\/f53effe8b0754029ac0f29c257bcf84etplv-t5fjg24jzw-resize-webp_800_800-1.webp 800w, https:\/\/convenienceshop.shop\/wp-content\/uploads\/2025\/12\/f53effe8b0754029ac0f29c257bcf84etplv-t5fjg24jzw-resize-webp_800_800-1-300x300.webp 300w, https:\/\/convenienceshop.shop\/wp-content\/uploads\/2025\/12\/f53effe8b0754029ac0f29c257bcf84etplv-t5fjg24jzw-resize-webp_800_800-1-150x150.webp 150w, https:\/\/convenienceshop.shop\/wp-content\/uploads\/2025\/12\/f53effe8b0754029ac0f29c257bcf84etplv-t5fjg24jzw-resize-webp_800_800-1-768x768.webp 768w, https:\/\/convenienceshop.shop\/wp-content\/uploads\/2025\/12\/f53effe8b0754029ac0f29c257bcf84etplv-t5fjg24jzw-resize-webp_800_800-1-12x12.webp 12w, https:\/\/convenienceshop.shop\/wp-content\/uploads\/2025\/12\/f53effe8b0754029ac0f29c257bcf84etplv-t5fjg24jzw-resize-webp_800_800-1-110x110.webp 110w, https:\/\/convenienceshop.shop\/wp-content\/uploads\/2025\/12\/f53effe8b0754029ac0f29c257bcf84etplv-t5fjg24jzw-resize-webp_800_800-1-60x60.webp 60w, https:\/\/convenienceshop.shop\/wp-content\/uploads\/2025\/12\/f53effe8b0754029ac0f29c257bcf84etplv-t5fjg24jzw-resize-webp_800_800-1-600x600.webp 600w, https:\/\/convenienceshop.shop\/wp-content\/uploads\/2025\/12\/f53effe8b0754029ac0f29c257bcf84etplv-t5fjg24jzw-resize-webp_800_800-1-100x100.webp 100w, https:\/\/convenienceshop.shop\/wp-content\/uploads\/2025\/12\/f53effe8b0754029ac0f29c257bcf84etplv-t5fjg24jzw-resize-webp_800_800-1-50x50.webp 50w\" sizes=\"(max-width: 800px) 100vw, 800px\" \/>\t\t\t\t\t\t\t\t\t\t\t\t\t\t\t<\/div>\n\t\t\t\t<\/div>\n\t\t\t\t<div class=\"elementor-element elementor-element-1f2b87b elementor-widget elementor-widget-image\" data-id=\"1f2b87b\" data-element_type=\"widget\" data-settings=\"{&quot;ekit_we_effect_on&quot;:&quot;none&quot;}\" data-widget_type=\"image.default\">\n\t\t\t\t<div class=\"elementor-widget-container\">\n\t\t\t\t\t\t\t\t\t\t\t\t\t\t\t<img decoding=\"async\" width=\"750\" height=\"750\" src=\"https:\/\/convenienceshop.shop\/wp-content\/uploads\/2025\/12\/672cb72e129748938c6ef8d545ff6076tplv-t5fjg24jzw-resize-webp_800_800-1.webp\" class=\"attachment-large size-large wp-image-2340 wvs-archive-product-image\" alt=\"\" srcset=\"https:\/\/convenienceshop.shop\/wp-content\/uploads\/2025\/12\/672cb72e129748938c6ef8d545ff6076tplv-t5fjg24jzw-resize-webp_800_800-1.webp 750w, https:\/\/convenienceshop.shop\/wp-content\/uploads\/2025\/12\/672cb72e129748938c6ef8d545ff6076tplv-t5fjg24jzw-resize-webp_800_800-1-300x300.webp 300w, https:\/\/convenienceshop.shop\/wp-content\/uploads\/2025\/12\/672cb72e129748938c6ef8d545ff6076tplv-t5fjg24jzw-resize-webp_800_800-1-150x150.webp 150w, https:\/\/convenienceshop.shop\/wp-content\/uploads\/2025\/12\/672cb72e129748938c6ef8d545ff6076tplv-t5fjg24jzw-resize-webp_800_800-1-12x12.webp 12w, https:\/\/convenienceshop.shop\/wp-content\/uploads\/2025\/12\/672cb72e129748938c6ef8d545ff6076tplv-t5fjg24jzw-resize-webp_800_800-1-110x110.webp 110w, https:\/\/convenienceshop.shop\/wp-content\/uploads\/2025\/12\/672cb72e129748938c6ef8d545ff6076tplv-t5fjg24jzw-resize-webp_800_800-1-60x60.webp 60w, https:\/\/convenienceshop.shop\/wp-content\/uploads\/2025\/12\/672cb72e129748938c6ef8d545ff6076tplv-t5fjg24jzw-resize-webp_800_800-1-600x600.webp 600w, https:\/\/convenienceshop.shop\/wp-content\/uploads\/2025\/12\/672cb72e129748938c6ef8d545ff6076tplv-t5fjg24jzw-resize-webp_800_800-1-100x100.webp 100w, https:\/\/convenienceshop.shop\/wp-content\/uploads\/2025\/12\/672cb72e129748938c6ef8d545ff6076tplv-t5fjg24jzw-resize-webp_800_800-1-50x50.webp 50w\" sizes=\"(max-width: 750px) 100vw, 750px\" \/>\t\t\t\t\t\t\t\t\t\t\t\t\t\t\t<\/div>\n\t\t\t\t<\/div>\n\t\t\t\t<div class=\"elementor-element elementor-element-acd6ce7 elementor-widget elementor-widget-image\" data-id=\"acd6ce7\" data-element_type=\"widget\" data-settings=\"{&quot;ekit_we_effect_on&quot;:&quot;none&quot;}\" data-widget_type=\"image.default\">\n\t\t\t\t<div class=\"elementor-widget-container\">\n\t\t\t\t\t\t\t\t\t\t\t\t\t\t\t<img decoding=\"async\" width=\"750\" height=\"750\" src=\"https:\/\/convenienceshop.shop\/wp-content\/uploads\/2025\/12\/188f955c5e68466ca305ff21873afcc6tplv-t5fjg24jzw-resize-webp_800_800-1.webp\" class=\"attachment-large size-large wp-image-2342 wvs-archive-product-image\" alt=\"\" srcset=\"https:\/\/convenienceshop.shop\/wp-content\/uploads\/2025\/12\/188f955c5e68466ca305ff21873afcc6tplv-t5fjg24jzw-resize-webp_800_800-1.webp 750w, https:\/\/convenienceshop.shop\/wp-content\/uploads\/2025\/12\/188f955c5e68466ca305ff21873afcc6tplv-t5fjg24jzw-resize-webp_800_800-1-300x300.webp 300w, https:\/\/convenienceshop.shop\/wp-content\/uploads\/2025\/12\/188f955c5e68466ca305ff21873afcc6tplv-t5fjg24jzw-resize-webp_800_800-1-150x150.webp 150w, https:\/\/convenienceshop.shop\/wp-content\/uploads\/2025\/12\/188f955c5e68466ca305ff21873afcc6tplv-t5fjg24jzw-resize-webp_800_800-1-12x12.webp 12w, https:\/\/convenienceshop.shop\/wp-content\/uploads\/2025\/12\/188f955c5e68466ca305ff21873afcc6tplv-t5fjg24jzw-resize-webp_800_800-1-110x110.webp 110w, https:\/\/convenienceshop.shop\/wp-content\/uploads\/2025\/12\/188f955c5e68466ca305ff21873afcc6tplv-t5fjg24jzw-resize-webp_800_800-1-60x60.webp 60w, https:\/\/convenienceshop.shop\/wp-content\/uploads\/2025\/12\/188f955c5e68466ca305ff21873afcc6tplv-t5fjg24jzw-resize-webp_800_800-1-600x600.webp 600w, https:\/\/convenienceshop.shop\/wp-content\/uploads\/2025\/12\/188f955c5e68466ca305ff21873afcc6tplv-t5fjg24jzw-resize-webp_800_800-1-100x100.webp 100w, https:\/\/convenienceshop.shop\/wp-content\/uploads\/2025\/12\/188f955c5e68466ca305ff21873afcc6tplv-t5fjg24jzw-resize-webp_800_800-1-50x50.webp 50w\" sizes=\"(max-width: 750px) 100vw, 750px\" \/>\t\t\t\t\t\t\t\t\t\t\t\t\t\t\t<\/div>\n\t\t\t\t<\/div>\n\t\t\t\t<div class=\"elementor-element elementor-element-8851e92 elementor-widget elementor-widget-image\" data-id=\"8851e92\" data-element_type=\"widget\" data-settings=\"{&quot;ekit_we_effect_on&quot;:&quot;none&quot;}\" data-widget_type=\"image.default\">\n\t\t\t\t<div class=\"elementor-widget-container\">\n\t\t\t\t\t\t\t\t\t\t\t\t\t\t\t<img loading=\"lazy\" decoding=\"async\" width=\"750\" height=\"750\" src=\"https:\/\/convenienceshop.shop\/wp-content\/uploads\/2025\/12\/42d3abda700247f992ecf41018f9cf7ftplv-t5fjg24jzw-resize-webp_800_800-1.webp\" class=\"attachment-large size-large wp-image-2344 wvs-archive-product-image\" alt=\"\" srcset=\"https:\/\/convenienceshop.shop\/wp-content\/uploads\/2025\/12\/42d3abda700247f992ecf41018f9cf7ftplv-t5fjg24jzw-resize-webp_800_800-1.webp 750w, https:\/\/convenienceshop.shop\/wp-content\/uploads\/2025\/12\/42d3abda700247f992ecf41018f9cf7ftplv-t5fjg24jzw-resize-webp_800_800-1-300x300.webp 300w, https:\/\/convenienceshop.shop\/wp-content\/uploads\/2025\/12\/42d3abda700247f992ecf41018f9cf7ftplv-t5fjg24jzw-resize-webp_800_800-1-150x150.webp 150w, https:\/\/convenienceshop.shop\/wp-content\/uploads\/2025\/12\/42d3abda700247f992ecf41018f9cf7ftplv-t5fjg24jzw-resize-webp_800_800-1-12x12.webp 12w, https:\/\/convenienceshop.shop\/wp-content\/uploads\/2025\/12\/42d3abda700247f992ecf41018f9cf7ftplv-t5fjg24jzw-resize-webp_800_800-1-110x110.webp 110w, https:\/\/convenienceshop.shop\/wp-content\/uploads\/2025\/12\/42d3abda700247f992ecf41018f9cf7ftplv-t5fjg24jzw-resize-webp_800_800-1-60x60.webp 60w, https:\/\/convenienceshop.shop\/wp-content\/uploads\/2025\/12\/42d3abda700247f992ecf41018f9cf7ftplv-t5fjg24jzw-resize-webp_800_800-1-600x600.webp 600w, https:\/\/convenienceshop.shop\/wp-content\/uploads\/2025\/12\/42d3abda700247f992ecf41018f9cf7ftplv-t5fjg24jzw-resize-webp_800_800-1-100x100.webp 100w, https:\/\/convenienceshop.shop\/wp-content\/uploads\/2025\/12\/42d3abda700247f992ecf41018f9cf7ftplv-t5fjg24jzw-resize-webp_800_800-1-50x50.webp 50w\" sizes=\"(max-width: 750px) 100vw, 750px\" \/>\t\t\t\t\t\t\t\t\t\t\t\t\t\t\t<\/div>\n\t\t\t\t<\/div>\n\t\t\t\t<div class=\"elementor-element elementor-element-221fca92 elementor-widget elementor-widget-text-editor\" data-id=\"221fca92\" data-element_type=\"widget\" data-settings=\"{&quot;ekit_we_effect_on&quot;:&quot;none&quot;}\" data-widget_type=\"text-editor.default\">\n\t\t\t\t<div class=\"elementor-widget-container\">\n\t\t\t\t\t\t\t\t\t<p>\u2705100% Aceite de oliva virgen extra<br \/>\u2705 Prensado en fr\u00edo para obtener el m\u00e1ximo sabor y nutrici\u00f3n.<br \/>\u2705 Generoso tama\u00f1o de 5 litros, perfecto para uso dom\u00e9stico y profesional<br \/>\u2705 Lata con cierre para mantener la frescura<br \/>\u2705 Importado de Espa\u00f1a para un sabor aut\u00e9ntico<\/p>\t\t\t\t\t\t\t\t<\/div>\n\t\t\t\t<\/div>\n\t\t\t\t\t<\/div>\n\t\t\t\t<\/div>\n\t\t\t\t<\/div>","protected":false},"excerpt":{"rendered":"<p>\u2705100% Extra Virgin Olive Oil\u2705\u00a0Cold-pressed for maximum flavour and nutrition\u2705\u00a0Generous 5L size \u2013 perfect for home and professional use\u2705\u00a0Resealable tin to maintain freshness\u2705\u00a0Imported from Spain for authentic taste<\/p>","protected":false},"featured_media":2324,"comment_status":"open","ping_status":"closed","template":"","meta":{"_acf_changed":false},"product_brand":[],"product_cat":[55],"product_tag":[],"class_list":{"0":"post-2323","1":"product","2":"type-product","3":"status-publish","4":"has-post-thumbnail","6":"product_cat-best-seller","8":"first","9":"instock","10":"sale","11":"shipping-taxable","12":"purchasable","13":"product-type-simple"},"acf":[],"_links":{"self":[{"href":"https:\/\/convenienceshop.shop\/es\/wp-json\/wp\/v2\/product\/2323","targetHints":{"allow":["GET"]}}],"collection":[{"href":"https:\/\/convenienceshop.shop\/es\/wp-json\/wp\/v2\/product"}],"about":[{"href":"https:\/\/convenienceshop.shop\/es\/wp-json\/wp\/v2\/types\/product"}],"replies":[{"embeddable":true,"href":"https:\/\/convenienceshop.shop\/es\/wp-json\/wp\/v2\/comments?post=2323"}],"version-history":[{"count":0,"href":"https:\/\/convenienceshop.shop\/es\/wp-json\/wp\/v2\/product\/2323\/revisions"}],"wp:featuredmedia":[{"embeddable":true,"href":"https:\/\/convenienceshop.shop\/es\/wp-json\/wp\/v2\/media\/2324"}],"wp:attachment":[{"href":"https:\/\/convenienceshop.shop\/es\/wp-json\/wp\/v2\/media?parent=2323"}],"wp:term":[{"taxonomy":"product_brand","embeddable":true,"href":"https:\/\/convenienceshop.shop\/es\/wp-json\/wp\/v2\/product_brand?post=2323"},{"taxonomy":"product_cat","embeddable":true,"href":"https:\/\/convenienceshop.shop\/es\/wp-json\/wp\/v2\/product_cat?post=2323"},{"taxonomy":"product_tag","embeddable":true,"href":"https:\/\/convenienceshop.shop\/es\/wp-json\/wp\/v2\/product_tag?post=2323"}],"curies":[{"name":"wp","href":"https:\/\/api.w.org\/{rel}","templated":true}]}}