{"id":2356,"date":"2025-12-24T03:41:58","date_gmt":"2025-12-24T03:41:58","guid":{"rendered":"https:\/\/convenienceshop.shop\/?post_type=product&#038;p=2356"},"modified":"2025-12-27T08:24:42","modified_gmt":"2025-12-27T08:24:42","slug":"consola-retro-m22-plug-and-play-con-multiples-emuladores-clasicos-salida-hdmi-4k-hd-y-dos-mandos-incluidos-regalo-ideal-para-reyes-magos-perfecta-para-jugar-en-familia-y-revivir-clasicos","status":"publish","type":"product","link":"https:\/\/convenienceshop.shop\/es\/producto\/consola-retro-m22-plug-and-play-con-multiples-emuladores-clasicos-salida-hdmi-4k-hd-y-dos-mandos-incluidos-regalo-ideal-para-reyes-magos-perfecta-para-jugar-en-familia-y-revivir-clasicos\/","title":{"rendered":"Consola Retro M22 Plug and Play con m\u00faltiples emuladores cl\u00e1sicos, salida HDMI 4K HD y dos mandos incluidos. Regalo ideal para Reyes Magos, perfecto para jugar en familia y revivir cl\u00e1sicos"},"content":{"rendered":"<p><img fetchpriority=\"high\" decoding=\"async\" class=\"aligncenter\" src=\"https:\/\/convenienceshop.shop\/wp-content\/uploads\/2025\/12\/418274a307a641e78c8a72da17e557dbtplv-t5fjg24jzw-resize-jpeg_800_800-2.jpg\" sizes=\"(max-width: 800px) 100vw, 800px\" srcset=\"https:\/\/convenienceshop.shop\/wp-content\/uploads\/2025\/12\/418274a307a641e78c8a72da17e557dbtplv-t5fjg24jzw-resize-jpeg_800_800-2.jpg 800w, https:\/\/convenienceshop.shop\/wp-content\/uploads\/2025\/12\/418274a307a641e78c8a72da17e557dbtplv-t5fjg24jzw-resize-jpeg_800_800-2-300x300_1.jpg 300w, https:\/\/convenienceshop.shop\/wp-content\/uploads\/2025\/12\/418274a307a641e78c8a72da17e557dbtplv-t5fjg24jzw-resize-jpeg_800_800-2-150x150_1.jpg 150w, https:\/\/convenienceshop.shop\/wp-content\/uploads\/2025\/12\/418274a307a641e78c8a72da17e557dbtplv-t5fjg24jzw-resize-jpeg_800_800-2-768x768_1.jpg 768w, https:\/\/convenienceshop.shop\/wp-content\/uploads\/2025\/12\/418274a307a641e78c8a72da17e557dbtplv-t5fjg24jzw-resize-jpeg_800_800-2-600x600_1.jpg 600w, https:\/\/convenienceshop.shop\/wp-content\/uploads\/2025\/12\/418274a307a641e78c8a72da17e557dbtplv-t5fjg24jzw-resize-jpeg_800_800-2-100x100_1.jpg 100w, https:\/\/convenienceshop.shop\/wp-content\/uploads\/2025\/12\/418274a307a641e78c8a72da17e557dbtplv-t5fjg24jzw-resize-jpeg_800_800-2-50x50_1.jpg 50w\" alt=\"\" width=\"800\" height=\"800\" \/><br \/>\n<img decoding=\"async\" class=\"aligncenter\" src=\"https:\/\/convenienceshop.shop\/wp-content\/uploads\/2025\/12\/61jam8cAF5L._AC_SL1001_-2.jpg\" sizes=\"(max-width: 800px) 100vw, 800px\" srcset=\"https:\/\/convenienceshop.shop\/wp-content\/uploads\/2025\/12\/61jam8cAF5L._AC_SL1001_-2.jpg 1001w, https:\/\/convenienceshop.shop\/wp-content\/uploads\/2025\/12\/61jam8cAF5L._AC_SL1001_-2-300x300_1.jpg 300w, https:\/\/convenienceshop.shop\/wp-content\/uploads\/2025\/12\/61jam8cAF5L._AC_SL1001_-2-150x150_1.jpg 150w, https:\/\/convenienceshop.shop\/wp-content\/uploads\/2025\/12\/61jam8cAF5L._AC_SL1001_-2-768x768_1.jpg 768w, https:\/\/convenienceshop.shop\/wp-content\/uploads\/2025\/12\/61jam8cAF5L._AC_SL1001_-2-600x600_1.jpg 600w, https:\/\/convenienceshop.shop\/wp-content\/uploads\/2025\/12\/61jam8cAF5L._AC_SL1001_-2-100x100_1.jpg 100w, https:\/\/convenienceshop.shop\/wp-content\/uploads\/2025\/12\/61jam8cAF5L._AC_SL1001_-2-50x50_1.jpg 50w\" alt=\"\" width=\"800\" height=\"800\" \/><br \/>\n<img decoding=\"async\" class=\"aligncenter\" src=\"https:\/\/convenienceshop.shop\/wp-content\/uploads\/2025\/12\/617PQugcBRL._AC_SL1001_-2.jpg\" sizes=\"(max-width: 800px) 100vw, 800px\" srcset=\"https:\/\/convenienceshop.shop\/wp-content\/uploads\/2025\/12\/617PQugcBRL._AC_SL1001_-2.jpg 1001w, https:\/\/convenienceshop.shop\/wp-content\/uploads\/2025\/12\/617PQugcBRL._AC_SL1001_-2-300x300_1.jpg 300w, https:\/\/convenienceshop.shop\/wp-content\/uploads\/2025\/12\/617PQugcBRL._AC_SL1001_-2-150x150_1.jpg 150w, https:\/\/convenienceshop.shop\/wp-content\/uploads\/2025\/12\/617PQugcBRL._AC_SL1001_-2-768x768_1.jpg 768w, https:\/\/convenienceshop.shop\/wp-content\/uploads\/2025\/12\/617PQugcBRL._AC_SL1001_-2-600x600_1.jpg 600w, https:\/\/convenienceshop.shop\/wp-content\/uploads\/2025\/12\/617PQugcBRL._AC_SL1001_-2-100x100_1.jpg 100w, https:\/\/convenienceshop.shop\/wp-content\/uploads\/2025\/12\/617PQugcBRL._AC_SL1001_-2-50x50_1.jpg 50w\" alt=\"\" width=\"800\" height=\"800\" \/><br \/>\n<img loading=\"lazy\" decoding=\"async\" class=\"aligncenter\" src=\"https:\/\/convenienceshop.shop\/wp-content\/uploads\/2025\/12\/61lJLqqMvtL._AC_SL1001_-2.jpg\" sizes=\"(max-width: 800px) 100vw, 800px\" srcset=\"https:\/\/convenienceshop.shop\/wp-content\/uploads\/2025\/12\/61lJLqqMvtL._AC_SL1001_-2.jpg 1001w, https:\/\/convenienceshop.shop\/wp-content\/uploads\/2025\/12\/61lJLqqMvtL._AC_SL1001_-2-300x300_1.jpg 300w, https:\/\/convenienceshop.shop\/wp-content\/uploads\/2025\/12\/61lJLqqMvtL._AC_SL1001_-2-150x150_1.jpg 150w, https:\/\/convenienceshop.shop\/wp-content\/uploads\/2025\/12\/61lJLqqMvtL._AC_SL1001_-2-768x768_1.jpg 768w, https:\/\/convenienceshop.shop\/wp-content\/uploads\/2025\/12\/61lJLqqMvtL._AC_SL1001_-2-600x600_1.jpg 600w, https:\/\/convenienceshop.shop\/wp-content\/uploads\/2025\/12\/61lJLqqMvtL._AC_SL1001_-2-100x100_1.jpg 100w, https:\/\/convenienceshop.shop\/wp-content\/uploads\/2025\/12\/61lJLqqMvtL._AC_SL1001_-2-50x50_1.jpg 50w\" alt=\"\" width=\"800\" height=\"800\" \/><\/p>\n<ul>\n<li>Consola de juegos retro cl\u00e1sica: La Consola de Juegos Inal\u00e1mbrica soporta 40 juegos en formato emulador, es compatible con m\u00e1s de 10000 juegos. 32G 3500+juegos, 64G 10000+juegos, 128G 20000+juegos.<\/li>\n<li>Salida de alta definici\u00f3n: Al admitir salida de alta definici\u00f3n 4K, esta videoconsola permite a los usuarios disfrutar de sus juegos en un televisor de pantalla grande con detalles asombrosos y realistas.<\/li>\n<li>Consola de juegos Plug &amp; Play: Los pasos son los siguientes: Conecte la salida HD del televisor; inserte la tarjeta de contenido de juego TF incorporada; utilice el adaptador de carga para conectar la fuente de alimentaci\u00f3n, se abrir\u00e1 autom\u00e1ticamente y entrar\u00e1 en la interfaz de la lista de juegos, encienda el interruptor del mando de juego, puede cambiar al idioma que necesite y, a continuaci\u00f3n, iniciar el juego. (2 mandos inal\u00e1mbricos requieren 4 pilas AAA, no incluidas en el paquete)<\/li>\n<li>2 mandos inal\u00e1mbricos: Con 2 adaptadores para mandos inal\u00e1mbricos PCS de 2,4 GHz, la conexi\u00f3n es estable y casi sin latencia, lo que te permite vencer a m\u00e1s jefes sin problemas de cableado.<\/li>\n<li>Regalo perfecto para ni\u00f1os y adultos: Plug and play consola de videojuegos no s\u00f3lo traer tiempo de juego divertido para los ni\u00f1os, sino que tambi\u00e9n evocan recuerdos de la infancia y liberar el estr\u00e9s de la vida para los adultos en los a\u00f1os 80 y 90. Regalo ideal para ni\u00f1os y adultos en Cumplea\u00f1os\/Acci\u00f3n de Gracias\/Halloween\/Navidad o cualquier ocasi\u00f3n.<\/li>\n<\/ul>","protected":false},"excerpt":{"rendered":"<p>Retro Classic Game Console: The Wireless Gaming Console supports 40 emulator format games, is compatible with over 10000 games, and can be downloaded on your own. 32G 3500+games, 64G 10000+games, 128G 20000+games. High Definition Output: Supporting 4K high definition output, this game console enables users to enjoy their games on a large screen TV in [&hellip;]<\/p>","protected":false},"featured_media":2357,"comment_status":"open","ping_status":"closed","template":"","meta":{"_acf_changed":false},"product_brand":[],"product_cat":[64,35],"product_tag":[],"class_list":{"0":"post-2356","1":"product","2":"type-product","3":"status-publish","4":"has-post-thumbnail","6":"product_cat-f","7":"product_cat-sale","9":"first","10":"instock","11":"sale","12":"shipping-taxable","13":"purchasable","14":"product-type-simple"},"acf":[],"_links":{"self":[{"href":"https:\/\/convenienceshop.shop\/es\/wp-json\/wp\/v2\/product\/2356","targetHints":{"allow":["GET"]}}],"collection":[{"href":"https:\/\/convenienceshop.shop\/es\/wp-json\/wp\/v2\/product"}],"about":[{"href":"https:\/\/convenienceshop.shop\/es\/wp-json\/wp\/v2\/types\/product"}],"replies":[{"embeddable":true,"href":"https:\/\/convenienceshop.shop\/es\/wp-json\/wp\/v2\/comments?post=2356"}],"version-history":[{"count":0,"href":"https:\/\/convenienceshop.shop\/es\/wp-json\/wp\/v2\/product\/2356\/revisions"}],"wp:featuredmedia":[{"embeddable":true,"href":"https:\/\/convenienceshop.shop\/es\/wp-json\/wp\/v2\/media\/2357"}],"wp:attachment":[{"href":"https:\/\/convenienceshop.shop\/es\/wp-json\/wp\/v2\/media?parent=2356"}],"wp:term":[{"taxonomy":"product_brand","embeddable":true,"href":"https:\/\/convenienceshop.shop\/es\/wp-json\/wp\/v2\/product_brand?post=2356"},{"taxonomy":"product_cat","embeddable":true,"href":"https:\/\/convenienceshop.shop\/es\/wp-json\/wp\/v2\/product_cat?post=2356"},{"taxonomy":"product_tag","embeddable":true,"href":"https:\/\/convenienceshop.shop\/es\/wp-json\/wp\/v2\/product_tag?post=2356"}],"curies":[{"name":"wp","href":"https:\/\/api.w.org\/{rel}","templated":true}]}}