{"id":2577,"date":"2026-01-19T06:49:19","date_gmt":"2026-01-19T06:49:19","guid":{"rendered":"https:\/\/convenienceshop.shop\/?post_type=product&#038;p=2577"},"modified":"2026-01-31T12:41:46","modified_gmt":"2026-01-31T12:41:46","slug":"freidora-de-aire-sin-aceite-xxl-7l1900w-inteligente-conexion-wifi-pantalla-led-tactil-7-funciones-preestablecidas-libre-de-bpa-regalo-17l-hervidor-electrico","status":"publish","type":"product","link":"https:\/\/convenienceshop.shop\/es\/producto\/freidora-de-aire-sin-aceite-xxl-7l1900w-inteligente-conexion-wifi-pantalla-led-tactil-7-funciones-preestablecidas-libre-de-bpa-regalo-17l-hervidor-electrico\/","title":{"rendered":"Freidora de Aire sin Aceite XXL 7L,1900W, Inteligente. Conexi\u00f3n Wifi.Pantalla LED t\u00e1ctil, 7 funciones preestablecidas Libre de BPA REGALO: 1,7L Hervidor El\u00e9ctrico"},"content":{"rendered":"<p><img fetchpriority=\"high\" decoding=\"async\" class=\"aligncenter\" src=\"https:\/\/convenienceshop.shop\/wp-content\/uploads\/2026\/01\/1-53-1024x420.jpg\" sizes=\"(max-width: 800px) 100vw, 800px\" srcset=\"https:\/\/convenienceshop.shop\/wp-content\/uploads\/2026\/01\/1-53-1024x420.jpg 1024w, https:\/\/convenienceshop.shop\/wp-content\/uploads\/2026\/01\/1-53-300x123.jpg 300w, https:\/\/convenienceshop.shop\/wp-content\/uploads\/2026\/01\/1-53-768x315.jpg 768w, https:\/\/convenienceshop.shop\/wp-content\/uploads\/2026\/01\/1-53-600x246.jpg 600w, https:\/\/convenienceshop.shop\/wp-content\/uploads\/2026\/01\/1-53.jpg 1464w\" alt=\"\" width=\"800\" height=\"328\" \/><br \/>\n<img decoding=\"async\" class=\"aligncenter\" src=\"https:\/\/convenienceshop.shop\/wp-content\/uploads\/2026\/01\/3-52-1024x420.jpg\" sizes=\"(max-width: 800px) 100vw, 800px\" srcset=\"https:\/\/convenienceshop.shop\/wp-content\/uploads\/2026\/01\/3-52-1024x420.jpg 1024w, https:\/\/convenienceshop.shop\/wp-content\/uploads\/2026\/01\/3-52-300x123.jpg 300w, https:\/\/convenienceshop.shop\/wp-content\/uploads\/2026\/01\/3-52-768x315.jpg 768w, https:\/\/convenienceshop.shop\/wp-content\/uploads\/2026\/01\/3-52-600x246.jpg 600w, https:\/\/convenienceshop.shop\/wp-content\/uploads\/2026\/01\/3-52.jpg 1464w\" alt=\"\" width=\"800\" height=\"328\" \/><br \/>\n<img decoding=\"async\" class=\"aligncenter\" src=\"https:\/\/convenienceshop.shop\/wp-content\/uploads\/2026\/01\/2-59-1024x420.jpg\" sizes=\"(max-width: 800px) 100vw, 800px\" srcset=\"https:\/\/convenienceshop.shop\/wp-content\/uploads\/2026\/01\/2-59-1024x420.jpg 1024w, https:\/\/convenienceshop.shop\/wp-content\/uploads\/2026\/01\/2-59-300x123.jpg 300w, https:\/\/convenienceshop.shop\/wp-content\/uploads\/2026\/01\/2-59-768x315.jpg 768w, https:\/\/convenienceshop.shop\/wp-content\/uploads\/2026\/01\/2-59-600x246.jpg 600w, https:\/\/convenienceshop.shop\/wp-content\/uploads\/2026\/01\/2-59.jpg 1464w\" alt=\"\" width=\"800\" height=\"328\" \/><\/p>\n<ul>\n<li>\u3010Smart Airfryer\u3011Lo que diferencia a esta freidora de aire es su funci\u00f3n de control inteligente, que le permite gestionar la cocci\u00f3n y acceder a las recetas sin esfuerzo a trav\u00e9s de su smartphone. Pollo, patatas fritas, bacon, filete y verduras. Disfrutar de preajustes de alimentos con un solo toque para cocinar de forma sencilla y cocinar con su smartphone utilizando la aplicaci\u00f3n gratuita Aigosmart manos libres.<\/li>\n<li>\u3010M\u00e1s energ\u00eda y ahorro de tiempo\u3011Aigostar 1900w freidora de aire adopt\u00f3 la tecnolog\u00eda de aire caliente r\u00e1pido de nuevo desarrollo para obtener el calor transferido y distribuido sobre la comida de todos los lados, reducir el contenido de aceite de su comida hasta 90% y preservar m\u00e1s nutrientes en su comida.<\/li>\n<li>\u30107L Gran Capacidad\u3011Esta airfryer cuenta con una cesta de fre\u00edr de 7 litros, lo que le permite cocinar hasta 6-10 porciones o un pollo de tama\u00f1o familiar de una sola vez. Equipado con un mango desmontable de tacto fr\u00edo, la olla de fre\u00edr con revestimiento antiadherente se puede utilizar como una olla de 2 capas o solo como una olla de 1 capa. Todas las piezas son aptas para el lavavajillas, lo que facilita su limpieza.<\/li>\n<\/ul>","protected":false},"excerpt":{"rendered":"<p>\u3010Smart Airfryer\u3011What sets this air fryer apart is its smart control feature, enabling you to manage cooking and access recipes effortlessly through your smartphone. Chicken, Fries, Bacon, Steak, and Veggies. Enjoying one-touch food presets for simple cooking and cook with your smartphone using the free Aigosmart app hands-free cooking \u3010More Energy and Time Saving\u3011Aigostar 1900w [&hellip;]<\/p>","protected":false},"featured_media":2578,"comment_status":"open","ping_status":"closed","template":"","meta":{"_acf_changed":false},"product_brand":[],"product_cat":[35],"product_tag":[],"class_list":{"0":"post-2577","1":"product","2":"type-product","3":"status-publish","4":"has-post-thumbnail","6":"product_cat-sale","8":"first","9":"instock","10":"sale","11":"shipping-taxable","12":"purchasable","13":"product-type-simple"},"acf":[],"_links":{"self":[{"href":"https:\/\/convenienceshop.shop\/es\/wp-json\/wp\/v2\/product\/2577","targetHints":{"allow":["GET"]}}],"collection":[{"href":"https:\/\/convenienceshop.shop\/es\/wp-json\/wp\/v2\/product"}],"about":[{"href":"https:\/\/convenienceshop.shop\/es\/wp-json\/wp\/v2\/types\/product"}],"replies":[{"embeddable":true,"href":"https:\/\/convenienceshop.shop\/es\/wp-json\/wp\/v2\/comments?post=2577"}],"version-history":[{"count":0,"href":"https:\/\/convenienceshop.shop\/es\/wp-json\/wp\/v2\/product\/2577\/revisions"}],"wp:featuredmedia":[{"embeddable":true,"href":"https:\/\/convenienceshop.shop\/es\/wp-json\/wp\/v2\/media\/2578"}],"wp:attachment":[{"href":"https:\/\/convenienceshop.shop\/es\/wp-json\/wp\/v2\/media?parent=2577"}],"wp:term":[{"taxonomy":"product_brand","embeddable":true,"href":"https:\/\/convenienceshop.shop\/es\/wp-json\/wp\/v2\/product_brand?post=2577"},{"taxonomy":"product_cat","embeddable":true,"href":"https:\/\/convenienceshop.shop\/es\/wp-json\/wp\/v2\/product_cat?post=2577"},{"taxonomy":"product_tag","embeddable":true,"href":"https:\/\/convenienceshop.shop\/es\/wp-json\/wp\/v2\/product_tag?post=2577"}],"curies":[{"name":"wp","href":"https:\/\/api.w.org\/{rel}","templated":true}]}}