{"id":2962,"date":"2026-04-06T02:50:56","date_gmt":"2026-04-06T02:50:56","guid":{"rendered":"https:\/\/convenienceshop.shop\/?post_type=product&#038;p=2962"},"modified":"2026-04-06T03:01:30","modified_gmt":"2026-04-06T03:01:30","slug":"escurreplatos-jupplies-negro-blanco","status":"publish","type":"product","link":"https:\/\/convenienceshop.shop\/es\/producto\/escurreplatos-jupplies-negro-blanco\/","title":{"rendered":"Escurreplatos Jupplies - Negro\/Blanco"},"content":{"rendered":"<div data-elementor-type=\"product-post\" data-elementor-id=\"2962\" class=\"elementor elementor-2962\" data-elementor-post-type=\"product\">\n\t\t\t\t<div class=\"elementor-element elementor-element-240391ac e-flex e-con-boxed e-con e-parent\" data-id=\"240391ac\" data-element_type=\"container\" data-settings=\"{&quot;ekit_has_onepagescroll_dot&quot;:&quot;yes&quot;}\">\n\t\t\t\t\t<div class=\"e-con-inner\">\n\t\t<div class=\"elementor-element elementor-element-695c0be0 e-con-full e-flex e-con e-child\" data-id=\"695c0be0\" data-element_type=\"container\" data-settings=\"{&quot;ekit_has_onepagescroll_dot&quot;:&quot;yes&quot;}\">\n\t\t\t\t<div class=\"elementor-element elementor-element-7ce11bb7 elementor-widget elementor-widget-video\" data-id=\"7ce11bb7\" data-element_type=\"widget\" data-settings=\"{&quot;video_type&quot;:&quot;hosted&quot;,&quot;controls&quot;:&quot;yes&quot;,&quot;ekit_we_effect_on&quot;:&quot;none&quot;}\" data-widget_type=\"video.default\">\n\t\t\t\t<div class=\"elementor-widget-container\">\n\t\t\t\t\t\t\t<div class=\"e-hosted-video elementor-wrapper elementor-open-inline\">\n\t\t\t\t\t<video class=\"elementor-video\" src=\"https:\/\/convenienceshop.shop\/wp-content\/uploads\/2026\/04\/video_2026-03-28_15-15-15.mp4\" controls=\"\" preload=\"metadata\" controlslist=\"nodownload\"><\/video>\n\t\t\t\t<\/div>\n\t\t\t\t\t\t<\/div>\n\t\t\t\t<\/div>\n\t\t\t\t<\/div>\n\t\t<div class=\"elementor-element elementor-element-2d0b5c81 e-con-full e-flex e-con e-child\" data-id=\"2d0b5c81\" data-element_type=\"container\" data-settings=\"{&quot;ekit_has_onepagescroll_dot&quot;:&quot;yes&quot;}\">\n\t\t\t\t<div class=\"elementor-element elementor-element-1cd0352 elementor-widget elementor-widget-text-editor\" data-id=\"1cd0352\" data-element_type=\"widget\" data-settings=\"{&quot;ekit_we_effect_on&quot;:&quot;none&quot;}\" data-widget_type=\"text-editor.default\">\n\t\t\t\t<div class=\"elementor-widget-container\">\n\t\t\t\t\t\t\t\t\t<!DOCTYPE html>\n<html lang=\"en\">\n<head>\n<meta charset=\"UTF-8\">\n<meta name=\"viewport\" content=\"width=device-width, initial-scale=1.0\">\n<title>Product Specifications<\/title>\n<style>\n  * {\n    margin: 0;\n    padding: 0;\n    box-sizing: border-box;\n  }\n  body {\n    background: transparent;\n    font-family: 'Inter', 'Segoe UI', system-ui, sans-serif;\n  }\n  .spec-table {\n    width: 100%;\n    border-collapse: collapse;\n    font-size: 14px;\n    line-height: 1.8;\n  }\n  .spec-table tr {\n    border-bottom: 1px solid #e6eef7;\n  }\n  .spec-table td:nth-child(1),\n  .spec-table td:nth-child(3) {\n    width: 20%;\n    font-weight: 500;\n    color: #2d70b3;\n    background: #f5f9ff;\n    padding: 14px 16px;\n    text-align: left;\n    vertical-align: top;\n  }\n  .spec-table td:nth-child(2),\n  .spec-table td:nth-child(4) {\n    width: 30%;\n    color: #333;\n    background: #fff;\n    padding: 14px 16px;\n    text-align: left;\n    vertical-align: top;\n  }\n<\/style>\n<\/head>\n<body>\n\n<table class=\"spec-table\">\n  <tr>\n    <td>Marca<\/td>\n    <td>Jupplies<\/td>\n    <td>Nombre del producto<\/td>\n    <td>Escurreplatos<\/td>\n  <\/tr>\n  <tr>\n    <td>Tipo<\/td>\n    <td>Escurreplatos<\/td>\n    <td>Color<\/td>\n    <td>Negro \/ Blanco<\/td>\n  <\/tr>\n  <tr>\n    <td>Material<\/td>\n    <td>Pl\u00e1stico resistente<\/td>\n    <td>Utilizaci\u00f3n<\/td>\n    <td>Encimera de cocina<\/td>\n  <\/tr>\n  <tr>\n    <td>Caracter\u00edstica<\/td>\n    <td>Ahorro de espacio<\/td>\n    <td>Dise\u00f1o<\/td>\n    <td>Moderno y pr\u00e1ctico<\/td>\n  <\/tr>\n<\/table>\n\n<\/body>\n<\/html>\t\t\t\t\t\t\t\t<\/div>\n\t\t\t\t<\/div>\n\t\t\t\t<\/div>\n\t\t\t\t\t<\/div>\n\t\t\t\t<\/div>\n\t\t<div class=\"elementor-element elementor-element-67bacc01 e-flex e-con-boxed e-con e-parent\" data-id=\"67bacc01\" data-element_type=\"container\" data-settings=\"{&quot;ekit_has_onepagescroll_dot&quot;:&quot;yes&quot;}\">\n\t\t\t\t\t<div class=\"e-con-inner\">\n\t\t\t\t<div class=\"elementor-element elementor-element-1c679e40 elementor-widget elementor-widget-image\" data-id=\"1c679e40\" data-element_type=\"widget\" data-settings=\"{&quot;ekit_we_effect_on&quot;:&quot;none&quot;}\" data-widget_type=\"image.default\">\n\t\t\t\t<div class=\"elementor-widget-container\">\n\t\t\t\t\t\t\t\t\t\t\t\t\t\t\t<img fetchpriority=\"high\" decoding=\"async\" width=\"1500\" height=\"1344\" src=\"https:\/\/convenienceshop.shop\/wp-content\/uploads\/2026\/04\/71qtuhJ4u0L._AC_SL1500_-1.jpg\" class=\"attachment-full size-full wp-image-2976 wvs-archive-product-image\" alt=\"\" srcset=\"https:\/\/convenienceshop.shop\/wp-content\/uploads\/2026\/04\/71qtuhJ4u0L._AC_SL1500_-1.jpg 1500w, https:\/\/convenienceshop.shop\/wp-content\/uploads\/2026\/04\/71qtuhJ4u0L._AC_SL1500_-1-300x269.jpg 300w, https:\/\/convenienceshop.shop\/wp-content\/uploads\/2026\/04\/71qtuhJ4u0L._AC_SL1500_-1-1024x918.jpg 1024w, https:\/\/convenienceshop.shop\/wp-content\/uploads\/2026\/04\/71qtuhJ4u0L._AC_SL1500_-1-768x688.jpg 768w, https:\/\/convenienceshop.shop\/wp-content\/uploads\/2026\/04\/71qtuhJ4u0L._AC_SL1500_-1-13x12.jpg 13w, https:\/\/convenienceshop.shop\/wp-content\/uploads\/2026\/04\/71qtuhJ4u0L._AC_SL1500_-1-110x99.jpg 110w, https:\/\/convenienceshop.shop\/wp-content\/uploads\/2026\/04\/71qtuhJ4u0L._AC_SL1500_-1-60x54.jpg 60w, https:\/\/convenienceshop.shop\/wp-content\/uploads\/2026\/04\/71qtuhJ4u0L._AC_SL1500_-1-600x538.jpg 600w\" sizes=\"(max-width: 1500px) 100vw, 1500px\" \/>\t\t\t\t\t\t\t\t\t\t\t\t\t\t\t<\/div>\n\t\t\t\t<\/div>\n\t\t\t\t<div class=\"elementor-element elementor-element-7706fcd4 elementor-widget elementor-widget-image\" data-id=\"7706fcd4\" data-element_type=\"widget\" data-settings=\"{&quot;ekit_we_effect_on&quot;:&quot;none&quot;}\" data-widget_type=\"image.default\">\n\t\t\t\t<div class=\"elementor-widget-container\">\n\t\t\t\t\t\t\t\t\t\t\t\t\t\t\t<img decoding=\"async\" width=\"1500\" height=\"1353\" src=\"https:\/\/convenienceshop.shop\/wp-content\/uploads\/2026\/04\/71bTwwNCTIL._AC_SL1500_-1.jpg\" class=\"attachment-full size-full wp-image-2977 wvs-archive-product-image\" alt=\"\" srcset=\"https:\/\/convenienceshop.shop\/wp-content\/uploads\/2026\/04\/71bTwwNCTIL._AC_SL1500_-1.jpg 1500w, https:\/\/convenienceshop.shop\/wp-content\/uploads\/2026\/04\/71bTwwNCTIL._AC_SL1500_-1-300x271.jpg 300w, https:\/\/convenienceshop.shop\/wp-content\/uploads\/2026\/04\/71bTwwNCTIL._AC_SL1500_-1-1024x924.jpg 1024w, https:\/\/convenienceshop.shop\/wp-content\/uploads\/2026\/04\/71bTwwNCTIL._AC_SL1500_-1-768x693.jpg 768w, https:\/\/convenienceshop.shop\/wp-content\/uploads\/2026\/04\/71bTwwNCTIL._AC_SL1500_-1-13x12.jpg 13w, https:\/\/convenienceshop.shop\/wp-content\/uploads\/2026\/04\/71bTwwNCTIL._AC_SL1500_-1-110x99.jpg 110w, https:\/\/convenienceshop.shop\/wp-content\/uploads\/2026\/04\/71bTwwNCTIL._AC_SL1500_-1-60x54.jpg 60w, https:\/\/convenienceshop.shop\/wp-content\/uploads\/2026\/04\/71bTwwNCTIL._AC_SL1500_-1-600x541.jpg 600w\" sizes=\"(max-width: 1500px) 100vw, 1500px\" \/>\t\t\t\t\t\t\t\t\t\t\t\t\t\t\t<\/div>\n\t\t\t\t<\/div>\n\t\t\t\t<div class=\"elementor-element elementor-element-36956300 elementor-widget elementor-widget-image\" data-id=\"36956300\" data-element_type=\"widget\" data-settings=\"{&quot;ekit_we_effect_on&quot;:&quot;none&quot;}\" data-widget_type=\"image.default\">\n\t\t\t\t<div class=\"elementor-widget-container\">\n\t\t\t\t\t\t\t\t\t\t\t\t\t\t\t<img decoding=\"async\" width=\"1500\" height=\"1494\" src=\"https:\/\/convenienceshop.shop\/wp-content\/uploads\/2026\/04\/71FhAWxpwvL._AC_SL1500_-1.jpg\" class=\"attachment-full size-full wp-image-2978 wvs-archive-product-image\" alt=\"\" srcset=\"https:\/\/convenienceshop.shop\/wp-content\/uploads\/2026\/04\/71FhAWxpwvL._AC_SL1500_-1.jpg 1500w, https:\/\/convenienceshop.shop\/wp-content\/uploads\/2026\/04\/71FhAWxpwvL._AC_SL1500_-1-300x300.jpg 300w, https:\/\/convenienceshop.shop\/wp-content\/uploads\/2026\/04\/71FhAWxpwvL._AC_SL1500_-1-1024x1020.jpg 1024w, https:\/\/convenienceshop.shop\/wp-content\/uploads\/2026\/04\/71FhAWxpwvL._AC_SL1500_-1-150x150.jpg 150w, https:\/\/convenienceshop.shop\/wp-content\/uploads\/2026\/04\/71FhAWxpwvL._AC_SL1500_-1-768x765.jpg 768w, https:\/\/convenienceshop.shop\/wp-content\/uploads\/2026\/04\/71FhAWxpwvL._AC_SL1500_-1-12x12.jpg 12w, https:\/\/convenienceshop.shop\/wp-content\/uploads\/2026\/04\/71FhAWxpwvL._AC_SL1500_-1-110x110.jpg 110w, https:\/\/convenienceshop.shop\/wp-content\/uploads\/2026\/04\/71FhAWxpwvL._AC_SL1500_-1-60x60.jpg 60w, https:\/\/convenienceshop.shop\/wp-content\/uploads\/2026\/04\/71FhAWxpwvL._AC_SL1500_-1-600x598.jpg 600w, https:\/\/convenienceshop.shop\/wp-content\/uploads\/2026\/04\/71FhAWxpwvL._AC_SL1500_-1-100x100.jpg 100w, https:\/\/convenienceshop.shop\/wp-content\/uploads\/2026\/04\/71FhAWxpwvL._AC_SL1500_-1-50x50.jpg 50w\" sizes=\"(max-width: 1500px) 100vw, 1500px\" \/>\t\t\t\t\t\t\t\t\t\t\t\t\t\t\t<\/div>\n\t\t\t\t<\/div>\n\t\t\t\t<div class=\"elementor-element elementor-element-64474860 elementor-widget elementor-widget-image\" data-id=\"64474860\" data-element_type=\"widget\" data-settings=\"{&quot;ekit_we_effect_on&quot;:&quot;none&quot;}\" data-widget_type=\"image.default\">\n\t\t\t\t<div class=\"elementor-widget-container\">\n\t\t\t\t\t\t\t\t\t\t\t\t\t\t\t<img loading=\"lazy\" decoding=\"async\" width=\"970\" height=\"600\" src=\"https:\/\/convenienceshop.shop\/wp-content\/uploads\/2026\/04\/2eb9a8ff-34b2-4f9e-8c4d-4a2767646107.__CR00970600_PT0_SX970_V1___.png\" class=\"attachment-full size-full wp-image-2979 wvs-archive-product-image\" alt=\"\" srcset=\"https:\/\/convenienceshop.shop\/wp-content\/uploads\/2026\/04\/2eb9a8ff-34b2-4f9e-8c4d-4a2767646107.__CR00970600_PT0_SX970_V1___.png 970w, https:\/\/convenienceshop.shop\/wp-content\/uploads\/2026\/04\/2eb9a8ff-34b2-4f9e-8c4d-4a2767646107.__CR00970600_PT0_SX970_V1___-300x186.png 300w, https:\/\/convenienceshop.shop\/wp-content\/uploads\/2026\/04\/2eb9a8ff-34b2-4f9e-8c4d-4a2767646107.__CR00970600_PT0_SX970_V1___-768x475.png 768w, https:\/\/convenienceshop.shop\/wp-content\/uploads\/2026\/04\/2eb9a8ff-34b2-4f9e-8c4d-4a2767646107.__CR00970600_PT0_SX970_V1___-18x12.png 18w, https:\/\/convenienceshop.shop\/wp-content\/uploads\/2026\/04\/2eb9a8ff-34b2-4f9e-8c4d-4a2767646107.__CR00970600_PT0_SX970_V1___-110x68.png 110w, https:\/\/convenienceshop.shop\/wp-content\/uploads\/2026\/04\/2eb9a8ff-34b2-4f9e-8c4d-4a2767646107.__CR00970600_PT0_SX970_V1___-60x37.png 60w, https:\/\/convenienceshop.shop\/wp-content\/uploads\/2026\/04\/2eb9a8ff-34b2-4f9e-8c4d-4a2767646107.__CR00970600_PT0_SX970_V1___-600x371.png 600w\" sizes=\"(max-width: 970px) 100vw, 970px\" \/>\t\t\t\t\t\t\t\t\t\t\t\t\t\t\t<\/div>\n\t\t\t\t<\/div>\n\t\t\t\t<div class=\"elementor-element elementor-element-7bf2f698 elementor-widget elementor-widget-image\" data-id=\"7bf2f698\" data-element_type=\"widget\" data-settings=\"{&quot;ekit_we_effect_on&quot;:&quot;none&quot;}\" data-widget_type=\"image.default\">\n\t\t\t\t<div class=\"elementor-widget-container\">\n\t\t\t\t\t\t\t\t\t\t\t\t\t\t\t<img loading=\"lazy\" decoding=\"async\" width=\"1500\" height=\"1500\" src=\"https:\/\/convenienceshop.shop\/wp-content\/uploads\/2026\/04\/71TSHI9OML._AC_SL1500_-1.jpg\" class=\"attachment-full size-full wp-image-2980 wvs-archive-product-image\" alt=\"\" srcset=\"https:\/\/convenienceshop.shop\/wp-content\/uploads\/2026\/04\/71TSHI9OML._AC_SL1500_-1.jpg 1500w, https:\/\/convenienceshop.shop\/wp-content\/uploads\/2026\/04\/71TSHI9OML._AC_SL1500_-1-300x300.jpg 300w, https:\/\/convenienceshop.shop\/wp-content\/uploads\/2026\/04\/71TSHI9OML._AC_SL1500_-1-1024x1024.jpg 1024w, https:\/\/convenienceshop.shop\/wp-content\/uploads\/2026\/04\/71TSHI9OML._AC_SL1500_-1-150x150.jpg 150w, https:\/\/convenienceshop.shop\/wp-content\/uploads\/2026\/04\/71TSHI9OML._AC_SL1500_-1-768x768.jpg 768w, https:\/\/convenienceshop.shop\/wp-content\/uploads\/2026\/04\/71TSHI9OML._AC_SL1500_-1-12x12.jpg 12w, https:\/\/convenienceshop.shop\/wp-content\/uploads\/2026\/04\/71TSHI9OML._AC_SL1500_-1-110x110.jpg 110w, https:\/\/convenienceshop.shop\/wp-content\/uploads\/2026\/04\/71TSHI9OML._AC_SL1500_-1-60x60.jpg 60w, https:\/\/convenienceshop.shop\/wp-content\/uploads\/2026\/04\/71TSHI9OML._AC_SL1500_-1-600x600.jpg 600w, https:\/\/convenienceshop.shop\/wp-content\/uploads\/2026\/04\/71TSHI9OML._AC_SL1500_-1-100x100.jpg 100w, https:\/\/convenienceshop.shop\/wp-content\/uploads\/2026\/04\/71TSHI9OML._AC_SL1500_-1-50x50.jpg 50w\" sizes=\"(max-width: 1500px) 100vw, 1500px\" \/>\t\t\t\t\t\t\t\t\t\t\t\t\t\t\t<\/div>\n\t\t\t\t<\/div>\n\t\t\t\t<div class=\"elementor-element elementor-element-4dc5b6eb elementor-widget elementor-widget-text-editor\" data-id=\"4dc5b6eb\" data-element_type=\"widget\" data-settings=\"{&quot;ekit_we_effect_on&quot;:&quot;none&quot;}\" data-widget_type=\"text-editor.default\">\n\t\t\t\t<div class=\"elementor-widget-container\">\n\t\t\t\t\t\t\t\t\t<h3>\u00a0\ud83e\uddfd Elegante dise\u00f1o en blanco y negro<\/h3><div>\u00a0<\/div><div>El escurreplatos Jupplies presenta una cl\u00e1sica combinaci\u00f3n de colores en blanco y negro que combina perfectamente con cualquier estilo de cocina. Su aspecto simple, moderno y minimalista a\u00f1ade elegancia a su encimera mientras mantiene sus platos ordenados y organizados. Ideal para crear un espacio de cocina limpio y ordenado.<\/div><div>\u00a0<\/div><h3>\u00a0\u2728 Material duradero de primera calidad<\/h3><div>\u00a0<\/div><div>Fabricado con materiales resistentes de alta calidad, el escurreplatos Jupplies es impermeable, resistente a los ara\u00f1azos y est\u00e1 hecho para durar. Su estructura estable sostiene con seguridad platos, cuencos, tazas y cubiertos sin doblarse o tambalearse, asegurando el uso diario a largo plazo.<\/div><div>\u00a0<\/div><h3>\u00a0\ud83e\uddf9 Drenaje r\u00e1pido y f\u00e1cil de limpiar<\/h3><div>\u00a0<\/div><div>Dise\u00f1ado con eficaces canales de drenaje para acelerar el secado y evitar la acumulaci\u00f3n de agua. La superficie lisa es f\u00e1cil de limpiar, lo que le ayuda a mantener una cocina higi\u00e9nica con el m\u00ednimo esfuerzo.<\/div><div>\u00a0<\/div><h3>\ud83d\udce6 Ahorro de espacio y multifuncional<\/h3><div>\u00a0<\/div><div>Este escurreplatos compacto ofrece gran capacidad para platos, tazas, utensilios y mucho m\u00e1s. Maximiza el espacio de la encimera a la vez que mantiene todo en orden, haciendo que su rutina diaria en la cocina sea m\u00e1s c\u00f3moda y eficiente.<\/div>\t\t\t\t\t\t\t\t<\/div>\n\t\t\t\t<\/div>\n\t\t\t\t\t<\/div>\n\t\t\t\t<\/div>\n\t\t\t\t<\/div>","protected":false},"excerpt":{"rendered":"<p>https:\/\/convenienceshop.shop\/wp-content\/uploads\/2026\/04\/video_2026-03-28_15-15-15.mp4 Product Specifications Brand Jupplies Product Name Dish Drying Rack Type Dish Rack Color Black \/ White Material Durable Plastic Usage Kitchen Countertop Feature Space Saving Design Modern &#038; Practical \u00a0\ud83e\uddfd Stylish Black &amp; White Design \u00a0Jupplies Dish Rack features a classic black and white color scheme that blends perfectly with any kitchen style. Its [&hellip;]<\/p>","protected":false},"featured_media":2965,"comment_status":"open","ping_status":"closed","template":"","meta":{"_acf_changed":false},"product_brand":[],"product_cat":[35],"product_tag":[],"class_list":{"0":"post-2962","1":"product","2":"type-product","3":"status-publish","4":"has-post-thumbnail","6":"product_cat-sale","8":"first","9":"instock","10":"sale","11":"shipping-taxable","12":"purchasable","13":"product-type-variable","14":"has-default-attributes","15":"wvs-archive-product-wrapper"},"acf":[],"_links":{"self":[{"href":"https:\/\/convenienceshop.shop\/es\/wp-json\/wp\/v2\/product\/2962","targetHints":{"allow":["GET"]}}],"collection":[{"href":"https:\/\/convenienceshop.shop\/es\/wp-json\/wp\/v2\/product"}],"about":[{"href":"https:\/\/convenienceshop.shop\/es\/wp-json\/wp\/v2\/types\/product"}],"replies":[{"embeddable":true,"href":"https:\/\/convenienceshop.shop\/es\/wp-json\/wp\/v2\/comments?post=2962"}],"version-history":[{"count":0,"href":"https:\/\/convenienceshop.shop\/es\/wp-json\/wp\/v2\/product\/2962\/revisions"}],"wp:featuredmedia":[{"embeddable":true,"href":"https:\/\/convenienceshop.shop\/es\/wp-json\/wp\/v2\/media\/2965"}],"wp:attachment":[{"href":"https:\/\/convenienceshop.shop\/es\/wp-json\/wp\/v2\/media?parent=2962"}],"wp:term":[{"taxonomy":"product_brand","embeddable":true,"href":"https:\/\/convenienceshop.shop\/es\/wp-json\/wp\/v2\/product_brand?post=2962"},{"taxonomy":"product_cat","embeddable":true,"href":"https:\/\/convenienceshop.shop\/es\/wp-json\/wp\/v2\/product_cat?post=2962"},{"taxonomy":"product_tag","embeddable":true,"href":"https:\/\/convenienceshop.shop\/es\/wp-json\/wp\/v2\/product_tag?post=2962"}],"curies":[{"name":"wp","href":"https:\/\/api.w.org\/{rel}","templated":true}]}}